{"id":5059,"date":"2019-12-06T16:51:56","date_gmt":"2019-12-06T15:51:56","guid":{"rendered":"http:\/\/www.participativni-rozpocet.cz\/webmesta2\/?page_id=5059"},"modified":"2025-01-16T22:22:47","modified_gmt":"2025-01-16T21:22:47","slug":"aktuality-archiv","status":"publish","type":"page","link":"https:\/\/www.participativni-rozpocet.cz\/webmesta\/aktuality-archiv\/","title":{"rendered":"Aktuality"},"content":{"rendered":"\t\t<div data-elementor-type=\"wp-page\" data-elementor-id=\"5059\" class=\"elementor elementor-5059\" data-elementor-post-type=\"page\">\n\t\t\t\t\t\t<section class=\"elementor-section elementor-top-section elementor-element elementor-element-9216297 elementor-section-boxed elementor-section-height-default elementor-section-height-default\" data-id=\"9216297\" data-element_type=\"section\">\n\t\t\t\t\t\t<div class=\"elementor-container elementor-column-gap-default\">\n\t\t\t\t\t<div class=\"elementor-column elementor-col-100 elementor-top-column elementor-element elementor-element-d017f8b\" data-id=\"d017f8b\" data-element_type=\"column\">\n\t\t\t<div class=\"elementor-widget-wrap elementor-element-populated\">\n\t\t\t\t\t\t<div class=\"elementor-element elementor-element-470e865 elementor-widget elementor-widget-jet-smart-filters-checkboxes\" data-id=\"470e865\" data-element_type=\"widget\" data-widget_type=\"jet-smart-filters-checkboxes.default\">\n\t\t\t\t<div class=\"elementor-widget-container\">\n\t\t\t\t\t<div class=\"jet-smart-filters-checkboxes jet-filter \" data-indexer-rule=\"show\" data-show-counter=\"\" data-change-counter=\"always\"><div class=\"jet-checkboxes-list\" data-query-type=\"tax_query\" data-query-var=\"druhy_aktualit\" data-smart-filter=\"checkboxes\" data-filter-id=\"4952\" data-apply-type=\"mixed\" data-content-provider=\"epro-posts\" data-additional-providers=\"\" data-query-id=\"default\" data-active-label=\"\" data-layout-options=\"{&quot;show_label&quot;:&quot;&quot;,&quot;display_options&quot;:{&quot;show_items_label&quot;:false,&quot;show_decorator&quot;:&quot;yes&quot;,&quot;filter_image_size&quot;:&quot;full&quot;,&quot;show_counter&quot;:false}}\" data-query-var-suffix=\"\" data-apply-on=\"value\"><fieldset class=\"jet-checkboxes-list-wrapper\"><legend style=\"display:none;\">Aktuality<\/legend><div class=\"jet-checkboxes-list__row jet-filter-row\">\n\t\t<label class=\"jet-checkboxes-list__item\" >\n\t\t<input\n\t\t\ttype=\"checkbox\"\n\t\t\tclass=\"jet-checkboxes-list__input\"\n\t\t\tname=\"druhy_aktualit\"\n\t\t\tvalue=\"31\"\n\t\t\tdata-label=\"Ozn\u00e1men\u00ed\"\n\t\t\t\t\t\taria-label=\"Ozn\u00e1men\u00ed\"\n\t\t\t\t\t>\n\t\t<div class=\"jet-checkboxes-list__button\">\n\t\t\t\t\t\t\t<span class=\"jet-checkboxes-list__decorator\">\n\t\t\t\t\t<i class=\"jet-checkboxes-list__checked-icon\"><svg width=\"28\" height=\"28\" viewBox=\"0 0 28 28\" xmlns=\"http:\/\/www.w3.org\/2000\/svg\">\n\t<path d=\"M26.109 8.844c0 0.391-0.156 0.781-0.438 1.062l-13.438 13.438c-0.281 0.281-0.672 0.438-1.062 0.438s-0.781-0.156-1.062-0.438l-7.781-7.781c-0.281-0.281-0.438-0.672-0.438-1.062s0.156-0.781 0.438-1.062l2.125-2.125c0.281-0.281 0.672-0.438 1.062-0.438s0.781 0.156 1.062 0.438l4.594 4.609 10.25-10.266c0.281-0.281 0.672-0.438 1.062-0.438s0.781 0.156 1.062 0.438l2.125 2.125c0.281 0.281 0.438 0.672 0.438 1.062z\"><\/path>\n<\/svg>\n<\/i>\n\t\t\t\t<\/span>\n\t\t\t\t\t\t<span class=\"jet-checkboxes-list__label\">Ozn\u00e1men\u00ed<\/span>\n\t\t\t\t\t<\/div>\n\t<\/label>\n<\/div><div class=\"jet-checkboxes-list__row jet-filter-row\">\n\t\t<label class=\"jet-checkboxes-list__item\" >\n\t\t<input\n\t\t\ttype=\"checkbox\"\n\t\t\tclass=\"jet-checkboxes-list__input\"\n\t\t\tname=\"druhy_aktualit\"\n\t\t\tvalue=\"13\"\n\t\t\tdata-label=\"V\u00fdsledky hlasov\u00e1n\u00ed\"\n\t\t\t\t\t\taria-label=\"V\u00fdsledky hlasov\u00e1n\u00ed\"\n\t\t\t\t\t>\n\t\t<div class=\"jet-checkboxes-list__button\">\n\t\t\t\t\t\t\t<span class=\"jet-checkboxes-list__decorator\">\n\t\t\t\t\t<i class=\"jet-checkboxes-list__checked-icon\"><svg width=\"28\" height=\"28\" viewBox=\"0 0 28 28\" xmlns=\"http:\/\/www.w3.org\/2000\/svg\">\n\t<path d=\"M26.109 8.844c0 0.391-0.156 0.781-0.438 1.062l-13.438 13.438c-0.281 0.281-0.672 0.438-1.062 0.438s-0.781-0.156-1.062-0.438l-7.781-7.781c-0.281-0.281-0.438-0.672-0.438-1.062s0.156-0.781 0.438-1.062l2.125-2.125c0.281-0.281 0.672-0.438 1.062-0.438s0.781 0.156 1.062 0.438l4.594 4.609 10.25-10.266c0.281-0.281 0.672-0.438 1.062-0.438s0.781 0.156 1.062 0.438l2.125 2.125c0.281 0.281 0.438 0.672 0.438 1.062z\"><\/path>\n<\/svg>\n<\/i>\n\t\t\t\t<\/span>\n\t\t\t\t\t\t<span class=\"jet-checkboxes-list__label\">V\u00fdsledky hlasov\u00e1n\u00ed<\/span>\n\t\t\t\t\t<\/div>\n\t<\/label>\n<\/div><\/fieldset><\/div>\n<\/div>\t\t\t\t<\/div>\n\t\t\t\t<\/div>\n\t\t\t\t<div class=\"elementor-element elementor-element-90b39e5 elementor-grid-3 elementor-grid-tablet-2 elementor-grid-mobile-1 elementor-posts--thumbnail-top elementor-card-shadow-yes elementor-posts__hover-gradient elementor-widget elementor-widget-posts\" data-id=\"90b39e5\" data-element_type=\"widget\" data-settings=\"{&quot;cards_columns&quot;:&quot;3&quot;,&quot;cards_columns_tablet&quot;:&quot;2&quot;,&quot;cards_columns_mobile&quot;:&quot;1&quot;,&quot;cards_row_gap&quot;:{&quot;unit&quot;:&quot;px&quot;,&quot;size&quot;:35,&quot;sizes&quot;:[]},&quot;cards_row_gap_tablet&quot;:{&quot;unit&quot;:&quot;px&quot;,&quot;size&quot;:&quot;&quot;,&quot;sizes&quot;:[]},&quot;cards_row_gap_mobile&quot;:{&quot;unit&quot;:&quot;px&quot;,&quot;size&quot;:&quot;&quot;,&quot;sizes&quot;:[]}}\" data-widget_type=\"posts.cards\">\n\t\t\t\t<div class=\"elementor-widget-container\">\n\t\t\t\t\t\t\t<div class=\"elementor-posts-container elementor-posts elementor-posts--skin-cards elementor-grid\">\n\t\t\t\t<article class=\"elementor-post elementor-grid-item post-5971 aktuality type-aktuality status-publish has-post-thumbnail hentry druhy_aktualit-oznameni\">\n\t\t\t<div class=\"elementor-post__card\">\n\t\t\t\t<a class=\"elementor-post__thumbnail__link\" href=\"https:\/\/www.participativni-rozpocet.cz\/webmesta\/aktuality\/kde-si-priroda-pomuze-sama-neni-nutne-zasahovat\/\" tabindex=\"-1\" ><div class=\"elementor-post__thumbnail\"><img fetchpriority=\"high\" decoding=\"async\" width=\"300\" height=\"200\" src=\"https:\/\/www.participativni-rozpocet.cz\/webmesta\/wp-content\/uploads\/sites\/30\/2020\/02\/priroda-300x200.jpg\" class=\"attachment-medium size-medium wp-image-5972\" alt=\"\" srcset=\"https:\/\/www.participativni-rozpocet.cz\/webmesta\/wp-content\/uploads\/sites\/30\/2020\/02\/priroda-300x200.jpg 300w, https:\/\/www.participativni-rozpocet.cz\/webmesta\/wp-content\/uploads\/sites\/30\/2020\/02\/priroda-768x511.jpg 768w, https:\/\/www.participativni-rozpocet.cz\/webmesta\/wp-content\/uploads\/sites\/30\/2020\/02\/priroda.jpg 900w\" sizes=\"(max-width: 300px) 100vw, 300px\" \/><\/div><\/a>\n\t\t\t\t<div class=\"elementor-post__badge\">Ozn\u00e1men\u00ed<\/div>\n\t\t\t\t<div class=\"elementor-post__text\">\n\t\t\t\t<h3 class=\"elementor-post__title\">\n\t\t\t<a href=\"https:\/\/www.participativni-rozpocet.cz\/webmesta\/aktuality\/kde-si-priroda-pomuze-sama-neni-nutne-zasahovat\/\" >\n\t\t\t\tKde si p\u0159\u00edroda pom\u016f\u017ee sama, nen\u00ed nutn\u00e9 zasahovat\t\t\t<\/a>\n\t\t<\/h3>\n\t\t\t\t<div class=\"elementor-post__excerpt\">\n\t\t\t<p>Lorem ipsum dolor sit amet, consectetur adipiscing elit. Proin efficitur malesuada sapien, sed suscipit metus auctor eu. Nunc id est ipsum. Mauris malesuada pulvinar mollis.<\/p>\n\t\t<\/div>\n\t\t\n\t\t<a class=\"elementor-post__read-more\" href=\"https:\/\/www.participativni-rozpocet.cz\/webmesta\/aktuality\/kde-si-priroda-pomuze-sama-neni-nutne-zasahovat\/\" aria-label=\"Read more about Kde si p\u0159\u00edroda pom\u016f\u017ee sama, nen\u00ed nutn\u00e9 zasahovat\" tabindex=\"-1\" >\n\t\t\tDetail p\u0159\u00edsp\u011bvku \u00bb\t\t<\/a>\n\n\t\t\t\t<\/div>\n\t\t\t\t<div class=\"elementor-post__meta-data\">\n\t\t\t\t\t<span class=\"elementor-post-date\">\n\t\t\t9. 2. 2020\t\t<\/span>\n\t\t\t\t<span class=\"elementor-post-avatar\">\n\t\t\t\u017d\u00e1dn\u00e9 koment\u00e1\u0159e\t\t<\/span>\n\t\t\t\t<\/div>\n\t\t\t\t\t<\/div>\n\t\t<\/article>\n\t\t\t\t<article class=\"elementor-post elementor-grid-item post-4355 aktuality type-aktuality status-publish has-post-thumbnail hentry druhy_aktualit-vysledky-hlasovani\">\n\t\t\t<div class=\"elementor-post__card\">\n\t\t\t\t<a class=\"elementor-post__thumbnail__link\" href=\"https:\/\/www.participativni-rozpocet.cz\/webmesta\/aktuality\/vysledky-hlasovani-webu-mesta-2019\/\" tabindex=\"-1\" ><div class=\"elementor-post__thumbnail\"><img decoding=\"async\" width=\"300\" height=\"201\" src=\"https:\/\/www.participativni-rozpocet.cz\/webmesta\/wp-content\/uploads\/sites\/30\/2019\/07\/mesto-300x201.jpg\" class=\"attachment-medium size-medium wp-image-5973\" alt=\"\" srcset=\"https:\/\/www.participativni-rozpocet.cz\/webmesta\/wp-content\/uploads\/sites\/30\/2019\/07\/mesto-300x201.jpg 300w, https:\/\/www.participativni-rozpocet.cz\/webmesta\/wp-content\/uploads\/sites\/30\/2019\/07\/mesto-1024x684.jpg 1024w, https:\/\/www.participativni-rozpocet.cz\/webmesta\/wp-content\/uploads\/sites\/30\/2019\/07\/mesto-768x513.jpg 768w, https:\/\/www.participativni-rozpocet.cz\/webmesta\/wp-content\/uploads\/sites\/30\/2019\/07\/mesto.jpg 1200w\" sizes=\"(max-width: 300px) 100vw, 300px\" \/><\/div><\/a>\n\t\t\t\t<div class=\"elementor-post__badge\">V\u00fdsledky hlasov\u00e1n\u00ed<\/div>\n\t\t\t\t<div class=\"elementor-post__text\">\n\t\t\t\t<h3 class=\"elementor-post__title\">\n\t\t\t<a href=\"https:\/\/www.participativni-rozpocet.cz\/webmesta\/aktuality\/vysledky-hlasovani-webu-mesta-2019\/\" >\n\t\t\t\tV\u00fdsledky hlasov\u00e1n\u00ed Webu m\u011bsta 2019\t\t\t<\/a>\n\t\t<\/h3>\n\t\t\t\t<div class=\"elementor-post__excerpt\">\n\t\t\t<p>Lorem ipsum dolor sit amet, consectetuer adipiscing elit. Cum sociis natoque penatibus et magnis dis parturient montes, nascetur ridiculus mus. Nullam lectus justo, vulputate eget<\/p>\n\t\t<\/div>\n\t\t\n\t\t<a class=\"elementor-post__read-more\" href=\"https:\/\/www.participativni-rozpocet.cz\/webmesta\/aktuality\/vysledky-hlasovani-webu-mesta-2019\/\" aria-label=\"Read more about V\u00fdsledky hlasov\u00e1n\u00ed Webu m\u011bsta 2019\" tabindex=\"-1\" >\n\t\t\tDetail p\u0159\u00edsp\u011bvku \u00bb\t\t<\/a>\n\n\t\t\t\t<\/div>\n\t\t\t\t<div class=\"elementor-post__meta-data\">\n\t\t\t\t\t<span class=\"elementor-post-date\">\n\t\t\t30. 7. 2019\t\t<\/span>\n\t\t\t\t<span class=\"elementor-post-avatar\">\n\t\t\t\u017d\u00e1dn\u00e9 koment\u00e1\u0159e\t\t<\/span>\n\t\t\t\t<\/div>\n\t\t\t\t\t<\/div>\n\t\t<\/article>\n\t\t\t\t<article class=\"elementor-post elementor-grid-item post-3245 aktuality type-aktuality status-publish has-post-thumbnail hentry druhy_aktualit-vysledky-hlasovani\">\n\t\t\t<div class=\"elementor-post__card\">\n\t\t\t\t<a class=\"elementor-post__thumbnail__link\" href=\"https:\/\/www.participativni-rozpocet.cz\/webmesta\/aktuality\/vysledky-hlasovani-webu-mesta-2018\/\" tabindex=\"-1\" ><div class=\"elementor-post__thumbnail\"><img decoding=\"async\" width=\"300\" height=\"200\" src=\"https:\/\/www.participativni-rozpocet.cz\/webmesta\/wp-content\/uploads\/sites\/30\/2018\/04\/mesto2-300x200.jpg\" class=\"attachment-medium size-medium wp-image-5977\" alt=\"\" srcset=\"https:\/\/www.participativni-rozpocet.cz\/webmesta\/wp-content\/uploads\/sites\/30\/2018\/04\/mesto2-300x200.jpg 300w, https:\/\/www.participativni-rozpocet.cz\/webmesta\/wp-content\/uploads\/sites\/30\/2018\/04\/mesto2-1024x683.jpg 1024w, https:\/\/www.participativni-rozpocet.cz\/webmesta\/wp-content\/uploads\/sites\/30\/2018\/04\/mesto2-768x512.jpg 768w, https:\/\/www.participativni-rozpocet.cz\/webmesta\/wp-content\/uploads\/sites\/30\/2018\/04\/mesto2.jpg 1200w\" sizes=\"(max-width: 300px) 100vw, 300px\" \/><\/div><\/a>\n\t\t\t\t<div class=\"elementor-post__badge\">V\u00fdsledky hlasov\u00e1n\u00ed<\/div>\n\t\t\t\t<div class=\"elementor-post__text\">\n\t\t\t\t<h3 class=\"elementor-post__title\">\n\t\t\t<a href=\"https:\/\/www.participativni-rozpocet.cz\/webmesta\/aktuality\/vysledky-hlasovani-webu-mesta-2018\/\" >\n\t\t\t\tV\u00fdsledky hlasov\u00e1n\u00ed Webu m\u011bsta 2018\t\t\t<\/a>\n\t\t<\/h3>\n\t\t\t\t<div class=\"elementor-post__excerpt\">\n\t\t\t<p>Lorem ipsum dolor sit amet, consectetuer adipiscing elit. Cum sociis natoque penatibus et magnis dis parturient montes, nascetur ridiculus mus. Nullam lectus justo, vulputate eget<\/p>\n\t\t<\/div>\n\t\t\n\t\t<a class=\"elementor-post__read-more\" href=\"https:\/\/www.participativni-rozpocet.cz\/webmesta\/aktuality\/vysledky-hlasovani-webu-mesta-2018\/\" aria-label=\"Read more about V\u00fdsledky hlasov\u00e1n\u00ed Webu m\u011bsta 2018\" tabindex=\"-1\" >\n\t\t\tDetail p\u0159\u00edsp\u011bvku \u00bb\t\t<\/a>\n\n\t\t\t\t<\/div>\n\t\t\t\t<div class=\"elementor-post__meta-data\">\n\t\t\t\t\t<span class=\"elementor-post-date\">\n\t\t\t26. 4. 2018\t\t<\/span>\n\t\t\t\t<span class=\"elementor-post-avatar\">\n\t\t\t\u017d\u00e1dn\u00e9 koment\u00e1\u0159e\t\t<\/span>\n\t\t\t\t<\/div>\n\t\t\t\t\t<\/div>\n\t\t<\/article>\n\t\t\t\t<\/div>\n\t\t\n\t\t\t\t\t\t<\/div>\n\t\t\t\t<\/div>\n\t\t\t\t<div class=\"elementor-element elementor-element-33861a9 elementor-widget elementor-widget-jet-smart-filters-pagination\" data-id=\"33861a9\" data-element_type=\"widget\" data-widget_type=\"jet-smart-filters-pagination.default\">\n\t\t\t\t<div class=\"elementor-widget-container\">\n\t\t\t\t\t<div\n\t\t\t\tclass=\"jet-smart-filters-pagination jet-filter\"\n\t\t\t\tdata-apply-provider=\"epro-posts\"\n\t\t\t\tdata-content-provider=\"epro-posts\"\n\t\t\t\tdata-query-id=\"default\"\n\t\t\t\tdata-controls=\"{&quot;items_enabled&quot;:true,&quot;pages_mid_size&quot;:0,&quot;pages_end_size&quot;:0,&quot;nav_enabled&quot;:true,&quot;prev&quot;:&quot;P\\u0159edchoz\\u00ed&quot;,&quot;next&quot;:&quot;Dal\\u0161\\u00ed&quot;,&quot;hide_inactive_nav&quot;:true,&quot;load_more_enabled&quot;:false,&quot;provider_top_offset&quot;:0}\"\n\t\t\t\tdata-apply-type=\"ajax\"\n\t\t\t><\/div>\t\t\t\t<\/div>\n\t\t\t\t<\/div>\n\t\t\t\t\t<\/div>\n\t\t<\/div>\n\t\t\t\t\t<\/div>\n\t\t<\/section>\n\t\t\t\t<\/div>\n\t\t","protected":false},"excerpt":{"rendered":"<p>Aktuality Ozn\u00e1men\u00ed V\u00fdsledky hlasov\u00e1n\u00ed<\/p>\n","protected":false},"author":25,"featured_media":0,"parent":0,"menu_order":0,"comment_status":"closed","ping_status":"closed","template":"","meta":{"_acf_changed":false,"footnotes":""},"class_list":["post-5059","page","type-page","status-publish","hentry"],"acf":[],"yoast_head":"<!-- This site is optimized with the Yoast SEO plugin v24.2 - https:\/\/yoast.com\/wordpress\/plugins\/seo\/ -->\n<title>Aktuality - web mesta<\/title>\n<meta name=\"robots\" content=\"noindex, follow, max-snippet:-1, max-image-preview:large, max-video-preview:-1\" \/>\n<meta property=\"og:locale\" content=\"cs_CZ\" \/>\n<meta property=\"og:type\" content=\"article\" \/>\n<meta property=\"og:title\" content=\"Aktuality - web mesta\" \/>\n<meta property=\"og:description\" content=\"Aktuality Ozn\u00e1men\u00ed V\u00fdsledky hlasov\u00e1n\u00ed\" \/>\n<meta property=\"og:url\" content=\"https:\/\/www.participativni-rozpocet.cz\/webmesta\/aktuality-archiv\/\" \/>\n<meta property=\"og:site_name\" content=\"web mesta\" \/>\n<meta property=\"article:modified_time\" content=\"2025-01-16T21:22:47+00:00\" \/>\n<meta property=\"og:image\" content=\"https:\/\/www.participativni-rozpocet.cz\/webmesta\/wp-content\/uploads\/sites\/30\/2020\/02\/web-mesta-teaser-universal.png\" \/>\n\t<meta property=\"og:image:width\" content=\"1000\" \/>\n\t<meta property=\"og:image:height\" content=\"562\" \/>\n\t<meta property=\"og:image:type\" content=\"image\/png\" \/>\n<meta name=\"twitter:card\" content=\"summary_large_image\" \/>\n<script type=\"application\/ld+json\" class=\"yoast-schema-graph\">{\"@context\":\"https:\/\/schema.org\",\"@graph\":[{\"@type\":\"WebPage\",\"@id\":\"https:\/\/www.participativni-rozpocet.cz\/webmesta\/aktuality-archiv\/\",\"url\":\"https:\/\/www.participativni-rozpocet.cz\/webmesta\/aktuality-archiv\/\",\"name\":\"Aktuality - web mesta\",\"isPartOf\":{\"@id\":\"https:\/\/www.participativni-rozpocet.cz\/webmesta\/#website\"},\"datePublished\":\"2019-12-06T15:51:56+00:00\",\"dateModified\":\"2025-01-16T21:22:47+00:00\",\"breadcrumb\":{\"@id\":\"https:\/\/www.participativni-rozpocet.cz\/webmesta\/aktuality-archiv\/#breadcrumb\"},\"inLanguage\":\"cs\",\"potentialAction\":[{\"@type\":\"ReadAction\",\"target\":[\"https:\/\/www.participativni-rozpocet.cz\/webmesta\/aktuality-archiv\/\"]}]},{\"@type\":\"BreadcrumbList\",\"@id\":\"https:\/\/www.participativni-rozpocet.cz\/webmesta\/aktuality-archiv\/#breadcrumb\",\"itemListElement\":[{\"@type\":\"ListItem\",\"position\":1,\"name\":\"Dom\u016f\",\"item\":\"https:\/\/www.participativni-rozpocet.cz\/webmesta\/\"},{\"@type\":\"ListItem\",\"position\":2,\"name\":\"Aktuality\"}]},{\"@type\":\"WebSite\",\"@id\":\"https:\/\/www.participativni-rozpocet.cz\/webmesta\/#website\",\"url\":\"https:\/\/www.participativni-rozpocet.cz\/webmesta\/\",\"name\":\"web mesta\",\"description\":\"Participativn\u00ed rozpo\u010det m\u011bsta\",\"publisher\":{\"@id\":\"https:\/\/www.participativni-rozpocet.cz\/webmesta\/#organization\"},\"potentialAction\":[{\"@type\":\"SearchAction\",\"target\":{\"@type\":\"EntryPoint\",\"urlTemplate\":\"https:\/\/www.participativni-rozpocet.cz\/webmesta\/?s={search_term_string}\"},\"query-input\":{\"@type\":\"PropertyValueSpecification\",\"valueRequired\":true,\"valueName\":\"search_term_string\"}}],\"inLanguage\":\"cs\"},{\"@type\":\"Organization\",\"@id\":\"https:\/\/www.participativni-rozpocet.cz\/webmesta\/#organization\",\"name\":\"web mesta\",\"url\":\"https:\/\/www.participativni-rozpocet.cz\/webmesta\/\",\"logo\":{\"@type\":\"ImageObject\",\"inLanguage\":\"cs\",\"@id\":\"https:\/\/www.participativni-rozpocet.cz\/webmesta\/#\/schema\/logo\/image\/\",\"url\":\"https:\/\/www.participativni-rozpocet.cz\/webmesta\/wp-content\/uploads\/sites\/30\/2020\/02\/web_mesta_logo.png\",\"contentUrl\":\"https:\/\/www.participativni-rozpocet.cz\/webmesta\/wp-content\/uploads\/sites\/30\/2020\/02\/web_mesta_logo.png\",\"width\":395,\"height\":200,\"caption\":\"web mesta\"},\"image\":{\"@id\":\"https:\/\/www.participativni-rozpocet.cz\/webmesta\/#\/schema\/logo\/image\/\"}}]}<\/script>\n<!-- \/ Yoast SEO plugin. -->","yoast_head_json":{"title":"Aktuality - web mesta","robots":{"index":"noindex","follow":"follow","max-snippet":"max-snippet:-1","max-image-preview":"max-image-preview:large","max-video-preview":"max-video-preview:-1"},"og_locale":"cs_CZ","og_type":"article","og_title":"Aktuality - web mesta","og_description":"Aktuality Ozn\u00e1men\u00ed V\u00fdsledky hlasov\u00e1n\u00ed","og_url":"https:\/\/www.participativni-rozpocet.cz\/webmesta\/aktuality-archiv\/","og_site_name":"web mesta","article_modified_time":"2025-01-16T21:22:47+00:00","og_image":[{"width":1000,"height":562,"url":"https:\/\/www.participativni-rozpocet.cz\/webmesta\/wp-content\/uploads\/sites\/30\/2020\/02\/web-mesta-teaser-universal.png","type":"image\/png"}],"twitter_card":"summary_large_image","schema":{"@context":"https:\/\/schema.org","@graph":[{"@type":"WebPage","@id":"https:\/\/www.participativni-rozpocet.cz\/webmesta\/aktuality-archiv\/","url":"https:\/\/www.participativni-rozpocet.cz\/webmesta\/aktuality-archiv\/","name":"Aktuality - web mesta","isPartOf":{"@id":"https:\/\/www.participativni-rozpocet.cz\/webmesta\/#website"},"datePublished":"2019-12-06T15:51:56+00:00","dateModified":"2025-01-16T21:22:47+00:00","breadcrumb":{"@id":"https:\/\/www.participativni-rozpocet.cz\/webmesta\/aktuality-archiv\/#breadcrumb"},"inLanguage":"cs","potentialAction":[{"@type":"ReadAction","target":["https:\/\/www.participativni-rozpocet.cz\/webmesta\/aktuality-archiv\/"]}]},{"@type":"BreadcrumbList","@id":"https:\/\/www.participativni-rozpocet.cz\/webmesta\/aktuality-archiv\/#breadcrumb","itemListElement":[{"@type":"ListItem","position":1,"name":"Dom\u016f","item":"https:\/\/www.participativni-rozpocet.cz\/webmesta\/"},{"@type":"ListItem","position":2,"name":"Aktuality"}]},{"@type":"WebSite","@id":"https:\/\/www.participativni-rozpocet.cz\/webmesta\/#website","url":"https:\/\/www.participativni-rozpocet.cz\/webmesta\/","name":"web mesta","description":"Participativn\u00ed rozpo\u010det m\u011bsta","publisher":{"@id":"https:\/\/www.participativni-rozpocet.cz\/webmesta\/#organization"},"potentialAction":[{"@type":"SearchAction","target":{"@type":"EntryPoint","urlTemplate":"https:\/\/www.participativni-rozpocet.cz\/webmesta\/?s={search_term_string}"},"query-input":{"@type":"PropertyValueSpecification","valueRequired":true,"valueName":"search_term_string"}}],"inLanguage":"cs"},{"@type":"Organization","@id":"https:\/\/www.participativni-rozpocet.cz\/webmesta\/#organization","name":"web mesta","url":"https:\/\/www.participativni-rozpocet.cz\/webmesta\/","logo":{"@type":"ImageObject","inLanguage":"cs","@id":"https:\/\/www.participativni-rozpocet.cz\/webmesta\/#\/schema\/logo\/image\/","url":"https:\/\/www.participativni-rozpocet.cz\/webmesta\/wp-content\/uploads\/sites\/30\/2020\/02\/web_mesta_logo.png","contentUrl":"https:\/\/www.participativni-rozpocet.cz\/webmesta\/wp-content\/uploads\/sites\/30\/2020\/02\/web_mesta_logo.png","width":395,"height":200,"caption":"web mesta"},"image":{"@id":"https:\/\/www.participativni-rozpocet.cz\/webmesta\/#\/schema\/logo\/image\/"}}]}},"_links":{"self":[{"href":"https:\/\/www.participativni-rozpocet.cz\/webmesta\/wp-json\/wp\/v2\/pages\/5059","targetHints":{"allow":["GET"]}}],"collection":[{"href":"https:\/\/www.participativni-rozpocet.cz\/webmesta\/wp-json\/wp\/v2\/pages"}],"about":[{"href":"https:\/\/www.participativni-rozpocet.cz\/webmesta\/wp-json\/wp\/v2\/types\/page"}],"author":[{"embeddable":true,"href":"https:\/\/www.participativni-rozpocet.cz\/webmesta\/wp-json\/wp\/v2\/users\/25"}],"replies":[{"embeddable":true,"href":"https:\/\/www.participativni-rozpocet.cz\/webmesta\/wp-json\/wp\/v2\/comments?post=5059"}],"version-history":[{"count":3,"href":"https:\/\/www.participativni-rozpocet.cz\/webmesta\/wp-json\/wp\/v2\/pages\/5059\/revisions"}],"predecessor-version":[{"id":6674,"href":"https:\/\/www.participativni-rozpocet.cz\/webmesta\/wp-json\/wp\/v2\/pages\/5059\/revisions\/6674"}],"wp:attachment":[{"href":"https:\/\/www.participativni-rozpocet.cz\/webmesta\/wp-json\/wp\/v2\/media?parent=5059"}],"curies":[{"name":"wp","href":"https:\/\/api.w.org\/{rel}","templated":true}]}}