{"id":675,"date":"2019-09-13T21:38:05","date_gmt":"2019-09-13T19:38:05","guid":{"rendered":"http:\/\/www.participativni-rozpocet.cz\/plana2\/?page_id=675"},"modified":"2020-03-12T10:09:17","modified_gmt":"2020-03-12T09:09:17","slug":"mapa-navrhu","status":"publish","type":"page","link":"https:\/\/www.participativni-rozpocet.cz\/plana\/mapa-navrhu\/","title":{"rendered":"Mapa n\u00e1vrh\u016f"},"content":{"rendered":"\t\t<div data-elementor-type=\"wp-post\" data-elementor-id=\"675\" class=\"elementor elementor-675\" data-elementor-post-type=\"page\">\n\t\t\t\t\t\t<section class=\"elementor-section elementor-top-section elementor-element elementor-element-2050338 elementor-section-stretched elementor-section-full_width elementor-section-height-default elementor-section-height-default\" data-id=\"2050338\" data-element_type=\"section\" data-settings=\"{&quot;stretch_section&quot;:&quot;section-stretched&quot;}\">\n\t\t\t\t\t\t<div class=\"elementor-container elementor-column-gap-default\">\n\t\t\t\t\t<div class=\"elementor-column elementor-col-100 elementor-top-column elementor-element elementor-element-8355e09\" data-id=\"8355e09\" data-element_type=\"column\">\n\t\t\t<div class=\"elementor-widget-wrap elementor-element-populated\">\n\t\t\t\t\t\t<div class=\"elementor-element elementor-element-5854d35 elementor-align-center elementor-button-info elementor-widget elementor-widget-button\" data-id=\"5854d35\" data-element_type=\"widget\" data-widget_type=\"button.default\">\n\t\t\t\t<div class=\"elementor-widget-container\">\n\t\t\t\t\t\t\t\t\t<div class=\"elementor-button-wrapper\">\n\t\t\t\t\t<a class=\"elementor-button elementor-button-link elementor-size-md\" href=\"https:\/\/www.participativni-rozpocet.cz\/plana\/galerie-navrhu\/\">\n\t\t\t\t\t\t<span class=\"elementor-button-content-wrapper\">\n\t\t\t\t\t\t\t\t\t<span class=\"elementor-button-text\">\u2190 Zp\u011bt na galerii n\u00e1vrh\u016f<\/span>\n\t\t\t\t\t<\/span>\n\t\t\t\t\t<\/a>\n\t\t\t\t<\/div>\n\t\t\t\t\t\t\t\t<\/div>\n\t\t\t\t<\/div>\n\t\t\t\t\t<\/div>\n\t\t<\/div>\n\t\t\t\t\t<\/div>\n\t\t<\/section>\n\t\t\t\t<section class=\"elementor-section elementor-top-section elementor-element elementor-element-6492aad elementor-section-boxed elementor-section-height-default elementor-section-height-default\" data-id=\"6492aad\" data-element_type=\"section\">\n\t\t\t\t\t\t<div class=\"elementor-container elementor-column-gap-default\">\n\t\t\t\t\t<div class=\"elementor-column elementor-col-100 elementor-top-column elementor-element elementor-element-2fff2fc\" data-id=\"2fff2fc\" data-element_type=\"column\">\n\t\t\t<div class=\"elementor-widget-wrap elementor-element-populated\">\n\t\t\t\t\t\t<div class=\"elementor-element elementor-element-275905e elementor-grid-1 elementor-grid-tablet-2 elementor-grid-mobile-1 elementor-posts--thumbnail-top elementor-widget elementor-widget-posts\" data-id=\"275905e\" data-element_type=\"widget\" data-settings=\"{&quot;classic_columns&quot;:&quot;1&quot;,&quot;classic_columns_tablet&quot;:&quot;2&quot;,&quot;classic_columns_mobile&quot;:&quot;1&quot;,&quot;classic_row_gap&quot;:{&quot;unit&quot;:&quot;px&quot;,&quot;size&quot;:35,&quot;sizes&quot;:[]},&quot;classic_row_gap_tablet&quot;:{&quot;unit&quot;:&quot;px&quot;,&quot;size&quot;:&quot;&quot;,&quot;sizes&quot;:[]},&quot;classic_row_gap_mobile&quot;:{&quot;unit&quot;:&quot;px&quot;,&quot;size&quot;:&quot;&quot;,&quot;sizes&quot;:[]}}\" data-widget_type=\"posts.classic\">\n\t\t\t\t<div class=\"elementor-widget-container\">\n\t\t\t\t\t\t\t<div class=\"elementor-posts-container elementor-posts elementor-posts--skin-classic elementor-grid\">\n\t\t\t\t<article class=\"elementor-post elementor-grid-item post-6075 wpbf_hooks type-wpbf_hooks status-publish hentry\">\n\t\t\t\t<div class=\"elementor-post__text\">\n\t\t\t\t<\/div>\n\t\t\t\t<\/article>\n\t\t\t\t<\/div>\n\t\t\n\t\t\t\t\t\t<\/div>\n\t\t\t\t<\/div>\n\t\t\t\t\t<\/div>\n\t\t<\/div>\n\t\t\t\t\t<\/div>\n\t\t<\/section>\n\t\t\t\t<section class=\"elementor-section elementor-top-section elementor-element elementor-element-91e688c elementor-section-boxed elementor-section-height-default elementor-section-height-default\" data-id=\"91e688c\" data-element_type=\"section\">\n\t\t\t\t\t\t<div class=\"elementor-container elementor-column-gap-default\">\n\t\t\t\t\t<div class=\"elementor-column elementor-col-100 elementor-top-column elementor-element elementor-element-2cd7c26\" data-id=\"2cd7c26\" data-element_type=\"column\">\n\t\t\t<div class=\"elementor-widget-wrap elementor-element-populated\">\n\t\t\t\t\t\t\t<\/div>\n\t\t<\/div>\n\t\t\t\t\t<\/div>\n\t\t<\/section>\n\t\t\t\t<section class=\"elementor-section elementor-top-section elementor-element elementor-element-2ca218e elementor-section-boxed elementor-section-height-default elementor-section-height-default\" data-id=\"2ca218e\" data-element_type=\"section\">\n\t\t\t\t\t\t<div class=\"elementor-container elementor-column-gap-default\">\n\t\t\t\t\t<div class=\"elementor-column elementor-col-100 elementor-top-column elementor-element elementor-element-51ea6d5\" data-id=\"51ea6d5\" data-element_type=\"column\">\n\t\t\t<div class=\"elementor-widget-wrap elementor-element-populated\">\n\t\t\t\t\t\t<div class=\"elementor-element elementor-element-ae1f968 jet-smart-filter-content-position-line jet-smart-filter-content-position-line elementor-widget__width-auto jet-smart-filter-group-position-column elementor-widget elementor-widget-jet-smart-filters-select\" data-id=\"ae1f968\" data-element_type=\"widget\" data-widget_type=\"jet-smart-filters-select.default\">\n\t\t\t\t<div class=\"elementor-widget-container\">\n\t\t\t\t\t<div class=\"jet-filters-group\"><div class=\"jet-smart-filters-select jet-filter \" data-indexer-rule=\"show\" data-show-counter=\"\" data-change-counter=\"always\"><div class=\"jet-select\" data-query-type=\"tax_query\" data-query-var=\"rocnik\" data-smart-filter=\"select\" data-filter-id=\"6081\" data-apply-type=\"ajax\" data-content-provider=\"epro-posts\" data-additional-providers=\"\" data-query-id=\"default\" data-active-label=\"V\u0161echny ro\u010dn\u00edky\" data-layout-options=\"{&quot;show_label&quot;:&quot;&quot;,&quot;display_options&quot;:{&quot;show_items_label&quot;:false,&quot;show_decorator&quot;:false,&quot;filter_image_size&quot;:&quot;full&quot;,&quot;show_counter&quot;:false}}\" data-query-var-suffix=\"\" data-apply-on=\"value\">\n\t\t\t\t<select\n\t\t\tclass=\"jet-select__control\"\n\t\t\tname=\"rocnik\"\n\t\t\t\t\t\taria-label=\"Ro\u010dn\u00edk\"\n\t\t>\n\t\t\n\t\t\t\t\t<option\n\t\t\t\tvalue=\"\"\n\t\t\t\tdata-label=\"V\u0161echny ro\u010dn\u00edky\"\n\t\t\t\tdata-counter-prefix=\"\"\n\t\t\t\tdata-counter-suffix=\"\"\n\t\t\t\t\t\t\t\t\t\t\t>V\u0161echny ro\u010dn\u00edky<\/option>\n\t\t\t\t\t\t<option\n\t\t\t\tvalue=\"80\"\n\t\t\t\tdata-label=\"2021\"\n\t\t\t\tdata-counter-prefix=\"\"\n\t\t\t\tdata-counter-suffix=\"\"\n\t\t\t\t\t\t\t\t\t\t\t>2021<\/option>\n\t\t\t\t\t\t<option\n\t\t\t\tvalue=\"84\"\n\t\t\t\tdata-label=\"2023\"\n\t\t\t\tdata-counter-prefix=\"\"\n\t\t\t\tdata-counter-suffix=\"\"\n\t\t\t\t\t\t\t\t\t\t\t>2023<\/option>\n\t\t\t<\/select>\n\t<\/div>\n<\/div><div class=\"jet-smart-filters-select jet-filter \" data-indexer-rule=\"show\" data-show-counter=\"\" data-change-counter=\"always\"><div class=\"jet-select\" data-query-type=\"tax_query\" data-query-var=\"status_navrhu\" data-smart-filter=\"select\" data-filter-id=\"6080\" data-apply-type=\"ajax\" data-content-provider=\"epro-posts\" data-additional-providers=\"\" data-query-id=\"default\" data-active-label=\"V\u0161echny n\u00e1vrhy\" data-layout-options=\"{&quot;show_label&quot;:&quot;&quot;,&quot;display_options&quot;:{&quot;show_items_label&quot;:false,&quot;show_decorator&quot;:false,&quot;filter_image_size&quot;:&quot;full&quot;,&quot;show_counter&quot;:false}}\" data-query-var-suffix=\"\" data-apply-on=\"value\">\n\t\t\t\t<select\n\t\t\tclass=\"jet-select__control\"\n\t\t\tname=\"status_navrhu\"\n\t\t\t\t\t\taria-label=\"Status n\u00e1vrhu\"\n\t\t>\n\t\t\n\t\t\t\t\t<option\n\t\t\t\tvalue=\"\"\n\t\t\t\tdata-label=\"V\u0161echny n\u00e1vrhy\"\n\t\t\t\tdata-counter-prefix=\"\"\n\t\t\t\tdata-counter-suffix=\"\"\n\t\t\t\t\t\t\t\t\t\t\t>V\u0161echny n\u00e1vrhy<\/option>\n\t\t\t\t\t\t<option\n\t\t\t\tvalue=\"83\"\n\t\t\t\tdata-label=\"Nerealizovan\u00e9\"\n\t\t\t\tdata-counter-prefix=\"\"\n\t\t\t\tdata-counter-suffix=\"\"\n\t\t\t\t\t\t\t\t\t\t\t>Nerealizovan\u00e9<\/option>\n\t\t\t\t\t\t<option\n\t\t\t\tvalue=\"28\"\n\t\t\t\tdata-label=\"Nerealizovateln\u00e9\"\n\t\t\t\tdata-counter-prefix=\"\"\n\t\t\t\tdata-counter-suffix=\"\"\n\t\t\t\t\t\t\t\t\t\t\t>Nerealizovateln\u00e9<\/option>\n\t\t\t\t\t\t<option\n\t\t\t\tvalue=\"35\"\n\t\t\t\tdata-label=\"Realizovan\u00e9\"\n\t\t\t\tdata-counter-prefix=\"\"\n\t\t\t\tdata-counter-suffix=\"\"\n\t\t\t\t\t\t\t\t\t\t\t>Realizovan\u00e9<\/option>\n\t\t\t\t\t\t<option\n\t\t\t\tvalue=\"29\"\n\t\t\t\tdata-label=\"Realizovateln\u00e9\"\n\t\t\t\tdata-counter-prefix=\"\"\n\t\t\t\tdata-counter-suffix=\"\"\n\t\t\t\t\t\t\t\t\t\t\t>Realizovateln\u00e9<\/option>\n\t\t\t\t\t\t<option\n\t\t\t\tvalue=\"36\"\n\t\t\t\tdata-label=\"V realizaci\"\n\t\t\t\tdata-counter-prefix=\"\"\n\t\t\t\tdata-counter-suffix=\"\"\n\t\t\t\t\t\t\t\t\t\t\t>V realizaci<\/option>\n\t\t\t<\/select>\n\t<\/div>\n<\/div><\/div>\t\t\t\t<\/div>\n\t\t\t\t<\/div>\n\t\t\t\t\t<\/div>\n\t\t<\/div>\n\t\t\t\t\t<\/div>\n\t\t<\/section>\n\t\t\t\t<\/div>\n\t\t","protected":false},"excerpt":{"rendered":"<p>\u2190 Zp\u011bt na galerii n\u00e1vrh\u016f V\u0161echny n\u00e1vrhyNerealizovateln\u00e9Realizovan\u00e9Realizovateln\u00e9 V\u0161echny ro\u010dn\u00edky20182019<\/p>\n","protected":false},"author":25,"featured_media":0,"parent":0,"menu_order":0,"comment_status":"closed","ping_status":"closed","template":"","meta":{"_acf_changed":false,"footnotes":""},"class_list":["post-675","page","type-page","status-publish","hentry"],"acf":[],"yoast_head":"<!-- This site is optimized with the Yoast SEO plugin v24.2 - https:\/\/yoast.com\/wordpress\/plugins\/seo\/ -->\n<title>Mapa n\u00e1vrh\u016f - N\u00e1pad pro Planou<\/title>\n<meta name=\"robots\" content=\"index, follow, max-snippet:-1, max-image-preview:large, max-video-preview:-1\" \/>\n<meta property=\"og:locale\" content=\"cs_CZ\" \/>\n<meta property=\"og:type\" content=\"article\" \/>\n<meta property=\"og:title\" content=\"Mapa n\u00e1vrh\u016f - N\u00e1pad pro Planou\" \/>\n<meta property=\"og:description\" content=\"\u2190 Zp\u011bt na galerii n\u00e1vrh\u016f V\u0161echny n\u00e1vrhyNerealizovateln\u00e9Realizovan\u00e9Realizovateln\u00e9 V\u0161echny ro\u010dn\u00edky20182019\" \/>\n<meta property=\"og:url\" content=\"https:\/\/www.participativni-rozpocet.cz\/plana\/mapa-navrhu\/\" \/>\n<meta property=\"og:site_name\" content=\"N\u00e1pad pro Planou\" \/>\n<meta property=\"article:publisher\" content=\"https:\/\/www.facebook.com\/mesto.plana\" \/>\n<meta property=\"article:modified_time\" content=\"2020-03-12T09:09:17+00:00\" \/>\n<meta property=\"og:image\" content=\"https:\/\/www.participativni-rozpocet.cz\/plana\/wp-content\/uploads\/sites\/55\/2021\/10\/social_media_image.jpg\" \/>\n\t<meta property=\"og:image:width\" content=\"1000\" \/>\n\t<meta property=\"og:image:height\" content=\"562\" \/>\n\t<meta property=\"og:image:type\" content=\"image\/jpeg\" \/>\n<meta name=\"twitter:card\" content=\"summary_large_image\" \/>\n<script type=\"application\/ld+json\" class=\"yoast-schema-graph\">{\"@context\":\"https:\/\/schema.org\",\"@graph\":[{\"@type\":\"WebPage\",\"@id\":\"https:\/\/www.participativni-rozpocet.cz\/plana\/mapa-navrhu\/\",\"url\":\"https:\/\/www.participativni-rozpocet.cz\/plana\/mapa-navrhu\/\",\"name\":\"Mapa n\u00e1vrh\u016f - N\u00e1pad pro Planou\",\"isPartOf\":{\"@id\":\"http:\/\/www.participativni-rozpocet.cz\/plana\/#website\"},\"datePublished\":\"2019-09-13T19:38:05+00:00\",\"dateModified\":\"2020-03-12T09:09:17+00:00\",\"breadcrumb\":{\"@id\":\"https:\/\/www.participativni-rozpocet.cz\/plana\/mapa-navrhu\/#breadcrumb\"},\"inLanguage\":\"cs\",\"potentialAction\":[{\"@type\":\"ReadAction\",\"target\":[\"https:\/\/www.participativni-rozpocet.cz\/plana\/mapa-navrhu\/\"]}]},{\"@type\":\"BreadcrumbList\",\"@id\":\"https:\/\/www.participativni-rozpocet.cz\/plana\/mapa-navrhu\/#breadcrumb\",\"itemListElement\":[{\"@type\":\"ListItem\",\"position\":1,\"name\":\"Dom\u016f\",\"item\":\"http:\/\/www.participativni-rozpocet.cz\/plana\/\"},{\"@type\":\"ListItem\",\"position\":2,\"name\":\"Mapa n\u00e1vrh\u016f\"}]},{\"@type\":\"WebSite\",\"@id\":\"http:\/\/www.participativni-rozpocet.cz\/plana\/#website\",\"url\":\"http:\/\/www.participativni-rozpocet.cz\/plana\/\",\"name\":\"N\u00e1pad pro Planou\",\"description\":\"Participativn\u00ed rozpo\u010det m\u011bsta Plan\u00e1\",\"publisher\":{\"@id\":\"http:\/\/www.participativni-rozpocet.cz\/plana\/#organization\"},\"potentialAction\":[{\"@type\":\"SearchAction\",\"target\":{\"@type\":\"EntryPoint\",\"urlTemplate\":\"http:\/\/www.participativni-rozpocet.cz\/plana\/?s={search_term_string}\"},\"query-input\":{\"@type\":\"PropertyValueSpecification\",\"valueRequired\":true,\"valueName\":\"search_term_string\"}}],\"inLanguage\":\"cs\"},{\"@type\":\"Organization\",\"@id\":\"http:\/\/www.participativni-rozpocet.cz\/plana\/#organization\",\"name\":\"N\u00e1pad pro Planou\",\"url\":\"http:\/\/www.participativni-rozpocet.cz\/plana\/\",\"logo\":{\"@type\":\"ImageObject\",\"inLanguage\":\"cs\",\"@id\":\"http:\/\/www.participativni-rozpocet.cz\/plana\/#\/schema\/logo\/image\/\",\"url\":\"https:\/\/www.participativni-rozpocet.cz\/plana\/wp-content\/uploads\/sites\/55\/2021\/10\/logo_header.png\",\"contentUrl\":\"https:\/\/www.participativni-rozpocet.cz\/plana\/wp-content\/uploads\/sites\/55\/2021\/10\/logo_header.png\",\"width\":544,\"height\":200,\"caption\":\"N\u00e1pad pro Planou\"},\"image\":{\"@id\":\"http:\/\/www.participativni-rozpocet.cz\/plana\/#\/schema\/logo\/image\/\"},\"sameAs\":[\"https:\/\/www.facebook.com\/mesto.plana\"]}]}<\/script>\n<!-- \/ Yoast SEO plugin. -->","yoast_head_json":{"title":"Mapa n\u00e1vrh\u016f - N\u00e1pad pro Planou","robots":{"index":"index","follow":"follow","max-snippet":"max-snippet:-1","max-image-preview":"max-image-preview:large","max-video-preview":"max-video-preview:-1"},"og_locale":"cs_CZ","og_type":"article","og_title":"Mapa n\u00e1vrh\u016f - N\u00e1pad pro Planou","og_description":"\u2190 Zp\u011bt na galerii n\u00e1vrh\u016f V\u0161echny n\u00e1vrhyNerealizovateln\u00e9Realizovan\u00e9Realizovateln\u00e9 V\u0161echny ro\u010dn\u00edky20182019","og_url":"https:\/\/www.participativni-rozpocet.cz\/plana\/mapa-navrhu\/","og_site_name":"N\u00e1pad pro Planou","article_publisher":"https:\/\/www.facebook.com\/mesto.plana","article_modified_time":"2020-03-12T09:09:17+00:00","og_image":[{"width":1000,"height":562,"url":"https:\/\/www.participativni-rozpocet.cz\/plana\/wp-content\/uploads\/sites\/55\/2021\/10\/social_media_image.jpg","type":"image\/jpeg"}],"twitter_card":"summary_large_image","schema":{"@context":"https:\/\/schema.org","@graph":[{"@type":"WebPage","@id":"https:\/\/www.participativni-rozpocet.cz\/plana\/mapa-navrhu\/","url":"https:\/\/www.participativni-rozpocet.cz\/plana\/mapa-navrhu\/","name":"Mapa n\u00e1vrh\u016f - N\u00e1pad pro Planou","isPartOf":{"@id":"http:\/\/www.participativni-rozpocet.cz\/plana\/#website"},"datePublished":"2019-09-13T19:38:05+00:00","dateModified":"2020-03-12T09:09:17+00:00","breadcrumb":{"@id":"https:\/\/www.participativni-rozpocet.cz\/plana\/mapa-navrhu\/#breadcrumb"},"inLanguage":"cs","potentialAction":[{"@type":"ReadAction","target":["https:\/\/www.participativni-rozpocet.cz\/plana\/mapa-navrhu\/"]}]},{"@type":"BreadcrumbList","@id":"https:\/\/www.participativni-rozpocet.cz\/plana\/mapa-navrhu\/#breadcrumb","itemListElement":[{"@type":"ListItem","position":1,"name":"Dom\u016f","item":"http:\/\/www.participativni-rozpocet.cz\/plana\/"},{"@type":"ListItem","position":2,"name":"Mapa n\u00e1vrh\u016f"}]},{"@type":"WebSite","@id":"http:\/\/www.participativni-rozpocet.cz\/plana\/#website","url":"http:\/\/www.participativni-rozpocet.cz\/plana\/","name":"N\u00e1pad pro Planou","description":"Participativn\u00ed rozpo\u010det m\u011bsta Plan\u00e1","publisher":{"@id":"http:\/\/www.participativni-rozpocet.cz\/plana\/#organization"},"potentialAction":[{"@type":"SearchAction","target":{"@type":"EntryPoint","urlTemplate":"http:\/\/www.participativni-rozpocet.cz\/plana\/?s={search_term_string}"},"query-input":{"@type":"PropertyValueSpecification","valueRequired":true,"valueName":"search_term_string"}}],"inLanguage":"cs"},{"@type":"Organization","@id":"http:\/\/www.participativni-rozpocet.cz\/plana\/#organization","name":"N\u00e1pad pro Planou","url":"http:\/\/www.participativni-rozpocet.cz\/plana\/","logo":{"@type":"ImageObject","inLanguage":"cs","@id":"http:\/\/www.participativni-rozpocet.cz\/plana\/#\/schema\/logo\/image\/","url":"https:\/\/www.participativni-rozpocet.cz\/plana\/wp-content\/uploads\/sites\/55\/2021\/10\/logo_header.png","contentUrl":"https:\/\/www.participativni-rozpocet.cz\/plana\/wp-content\/uploads\/sites\/55\/2021\/10\/logo_header.png","width":544,"height":200,"caption":"N\u00e1pad pro Planou"},"image":{"@id":"http:\/\/www.participativni-rozpocet.cz\/plana\/#\/schema\/logo\/image\/"},"sameAs":["https:\/\/www.facebook.com\/mesto.plana"]}]}},"_links":{"self":[{"href":"https:\/\/www.participativni-rozpocet.cz\/plana\/wp-json\/wp\/v2\/pages\/675","targetHints":{"allow":["GET"]}}],"collection":[{"href":"https:\/\/www.participativni-rozpocet.cz\/plana\/wp-json\/wp\/v2\/pages"}],"about":[{"href":"https:\/\/www.participativni-rozpocet.cz\/plana\/wp-json\/wp\/v2\/types\/page"}],"author":[{"embeddable":true,"href":"https:\/\/www.participativni-rozpocet.cz\/plana\/wp-json\/wp\/v2\/users\/25"}],"replies":[{"embeddable":true,"href":"https:\/\/www.participativni-rozpocet.cz\/plana\/wp-json\/wp\/v2\/comments?post=675"}],"version-history":[{"count":80,"href":"https:\/\/www.participativni-rozpocet.cz\/plana\/wp-json\/wp\/v2\/pages\/675\/revisions"}],"predecessor-version":[{"id":6085,"href":"https:\/\/www.participativni-rozpocet.cz\/plana\/wp-json\/wp\/v2\/pages\/675\/revisions\/6085"}],"wp:attachment":[{"href":"https:\/\/www.participativni-rozpocet.cz\/plana\/wp-json\/wp\/v2\/media?parent=675"}],"curies":[{"name":"wp","href":"https:\/\/api.w.org\/{rel}","templated":true}]}}