{"id":1059,"date":"2019-09-22T02:15:41","date_gmt":"2019-09-22T00:15:41","guid":{"rendered":"http:\/\/www.participativni-rozpocet.cz\/cheb2\/?page_id=1059"},"modified":"2023-10-03T12:24:51","modified_gmt":"2023-10-03T10:24:51","slug":"o-mega-napadech","status":"publish","type":"page","link":"https:\/\/www.participativni-rozpocet.cz\/meganapady\/o-mega-napadech\/","title":{"rendered":"Projekty pro m\u011bsto"},"content":{"rendered":"<p style=\"margin-bottom: 15pt;background-image: initial;background-position: initial;background-size: initial;background-attachment: initial;text-align: left\"><span style=\"text-decoration: underline\"><strong>Projekty pro m\u011bsto<\/strong><\/span> je n\u00e1zev pro chebsk\u00fd participativn\u00ed rozpo\u010det. Ten umo\u017e\u0148uje, aby se ob\u010dan\u00e9 zapojili do rozhodov\u00e1n\u00ed o rozvoji sv\u00e9 obce. Radnice vymez\u00ed \u010d\u00e1st pen\u011bz z ro\u010dn\u00edho rozpo\u010dtu, odborn\u00e1 komise vybere projekty, kter\u00e9 vznikly z podn\u011bt\u016f ob\u010dan\u016f a\u00a0 <strong>ob\u010dan\u00e9<\/strong>\u00a0<b>budou moci n\u00e1sledn\u011b o t\u011bchto projektech hlasovat.<\/b> M\u011bsto na tyto projekty pro rok 2023\/24 vy\u010dlen\u00ed 6 000 000 K\u010d.<\/p>\n<p><!--[endif]--><\/p>\n<p><!-- [if !supportAnnotations]--><\/p>\n<p><!--[endif]--><!-- [if !supportAnnotations]--><!--[endif]--><\/p>\n<p><!-- [if !supportAnnotations]--><\/p>\n<p><!--[endif]--><\/p>\n<p>&nbsp;<\/p>\n<h1>Harmonogram p\u0159\u00edprav a Pravidla participace ob\u010dan\u016f na tvorb\u011b rozpo\u010dtu m\u011bsta Chebu<\/h1>\n<h2>P\u0158\u00cdPRAVA PARTICIPACE PRO ROK 2024<\/h2>\n<p>P\u0159\u00edpravu lze rozd\u011blit do p\u011bti z\u00e1kladn\u00edch krok\u016f, resp. etap. N\u00ed\u017ee je uveden navr\u017een\u00fd \u010dasov\u00fd harmonogram s hlavn\u00edmi body, kter\u00e9 ozna\u010duj\u00ed odpov\u00eddaj\u00edc\u00ed postup p\u0159\u00edpravy a realizace participace ob\u010dan\u016f na rozpo\u010dtu m\u011bsta Chebu.<\/p>\n<h3>\n1. Stanoven\u00ed pravidel a detailn\u00ed podoby postupu tvorby Participace<\/h3>\n<ul>\n<li>Stanoven\u00ed odborn\u00e9 komise.<\/li>\n<li>V\u00fdb\u011br p\u0159ipraven\u00fdch projekt\u016f prost\u0159ednictv\u00edm odborn\u00e9 komise.<br \/>\n<em>\u010dervenec \u2013 srpen 2023<\/em><\/li>\n<li>P\u0159\u00edprava participace a Pravidla participace na rozpo\u010dtu m\u011bsta Chebu \u2013 p\u0159edlo\u017een\u00ed do org\u00e1n\u016f m\u011bsta ke schv\u00e1len\u00ed.<br \/>\n<em>srpen \u2013 z\u00e1\u0159\u00ed 2023<\/em><\/li>\n<li>P\u0159\u00edprava Informa\u010dn\u00ed kampan\u011b &#8211; pl\u00e1nu a podklad\u016f pro informov\u00e1n\u00ed obyvatel.<br \/>\n<em>srpen &#8211; z\u00e1\u0159\u00ed 2023<\/em><\/li>\n<\/ul>\n<h3>2. Informov\u00e1n\u00ed a motivace ob\u010dan\u016f<\/h3>\n<ul>\n<li>Informov\u00e1n\u00ed ob\u010dan\u016f.<\/li>\n<li>Prezentace podoby participace prost\u0159ednictv\u00edm vytipovan\u00fdch komunika\u010dn\u00edch kan\u00e1l\u016f (zpravodaj Chebsk\u00e9 radni\u010dn\u00ed listy, FB, web, apod.).<\/li>\n<li>Zve\u0159ejn\u011bn\u00ed kr\u00e1tk\u00e9 anotace projekt\u016f (web, Chebsk\u00e9 radni\u010dn\u00ed listy, FB, Instagram).<br \/>\n<em>\u0159\u00edjen &#8211; listopad 2023<\/em><\/li>\n<\/ul>\n<h3>3. P\u0159edlo\u017een\u00ed projekt\u016f ob\u010dan\u016fm k hlasov\u00e1n\u00ed<\/h3>\n<ul>\n<li>Informov\u00e1n\u00ed ob\u010dan\u016f o bl\u00ed\u017e\u00edc\u00edm se hlasov\u00e1n\u00ed.<\/li>\n<li>Zve\u0159ejn\u011bn\u00ed detailn\u00edch informac\u00ed o zp\u016fsobu hlasov\u00e1n\u00ed.<br \/>\n<em>\u0159\u00edjen &#8211; listopad 2023<\/em><\/li>\n<\/ul>\n<h3>4. Hlasov\u00e1n\u00ed<\/h3>\n<ul>\n<li><em>listopad 2023<\/em><\/li>\n<\/ul>\n<h3>5. Vyhodnocen\u00ed v\u00fdsledk\u016f, za\u010dlen\u011bn\u00ed do rozpo\u010dtu p\u0159\u00edslu\u0161n\u00fdch odbor\u016f M\u011b\u00da<\/h3>\n<ul>\n<li>\u00a0Vyhodnocen\u00ed v\u00fdsledk\u016f.<\/li>\n<li>\u00a0Schv\u00e1len\u00ed v\u00fdsledk\u016f radou, informace zastupitelstvu m\u011bsta.<\/li>\n<li>\u00a0Informa\u010dn\u00ed kampa\u0148 o v\u00fdsledc\u00edch hlasov\u00e1n\u00ed (Chebsk\u00e9 radni\u010dn\u00ed listy, FB, web, Instagram).<\/li>\n<li>\u00a0Zapojen\u00ed projekt\u016f \u00fasp\u011b\u0161n\u00fdch v hlasov\u00e1n\u00ed do rozpo\u010dtu odbor\u016f M\u011b\u00da na rok 2024.<\/li>\n<\/ul>\n<p>&nbsp;<\/p>\n<h2>PRAVIDLA PARTICIPACE 2024<\/h2>\n<p>Pravidla participace ob\u010dan\u016f na rozpo\u010dtu m\u011bsta Chebu vyhla\u0161uje Zastupitelstvo m\u011bsta Chebu.<\/p>\n<h3>\n1. Obecn\u00e1 pravidla<\/h3>\n<ul>\n<li>Finance z rozpo\u010dtu m\u011bsta budou vyu\u017eity na realizaci projekt\u016f zam\u011b\u0159en\u00fdch na zkvalitn\u011bn\u00ed \u017eivota v Chebu ve shod\u011b s n\u00e1sleduj\u00edc\u00edmi pravidly.<\/li>\n<li>Pro realizaci projekt\u016f v r\u00e1mci participace ob\u010dan\u016f na rozpo\u010dtu m\u011bsta Chebu budou v rozpo\u010dtu m\u011bsta vyhrazeny finan\u010dn\u00ed prost\u0159edky ve v\u00fd\u0161i <strong>6 000 000 K\u010d<\/strong>.<\/li>\n<li><strong>Zp\u016fsob vyu\u017eit\u00ed finan\u010dn\u00edch prost\u0159edk\u016f: \u00faprava ve\u0159ejn\u00fdch prostor.<\/strong><\/li>\n<li>Projekt <strong>m\u016f\u017ee<\/strong> \u0159e\u0161it nap\u0159. stavebn\u00ed \u00fapravy, ale m\u016f\u017ee m\u00edt rovn\u011b\u017e zkr\u00e1\u0161luj\u00edc\u00ed charakter (nap\u0159. roz\u0161\u00ed\u0159en\u00ed zelen\u011b, m\u016f\u017ee \u0159e\u0161it dopln\u011bn\u00ed m\u011bstsk\u00e9ho mobili\u00e1\u0159e (lavi\u010dky, odpadkov\u00e9 ko\u0161e..), \u00fapravu ve\u0159ejn\u00fdch prostor, \u017eivotn\u00ed prost\u0159ed\u00ed, sportovn\u00ed za\u0159\u00edzen\u00ed, za\u0159\u00edzen\u00ed pro volno\u010dasov\u00e9 aktivity, bezbari\u00e9rov\u00e9 trasy apod. Prim\u00e1rn\u011b a zjednodu\u0161en\u011b \u0159e\u010deno se jedn\u00e1 o projekty, kter\u00e9 p\u0159inesou u\u017eitek \u0161irok\u00e9 ve\u0159ejnosti.<\/li>\n<li>Projekty se t\u00fdkaj\u00ed \u00fazem\u00ed m\u011bsta Chebu.<\/li>\n<\/ul>\n<h3>\n2. Pravidla pro v\u00fdb\u011br projekt\u016f<\/h3>\n<ul>\n<li>Realizace se t\u00fdk\u00e1 projekt\u016f na pozemc\u00edch \u010di v objektech m\u011bsta Chebu, v\u00fdjime\u010dn\u011b i st\u00e1tu \u010di Karlovarsk\u00e9ho kraje.<\/li>\n<li>Realizace projekt\u016f nesm\u00ed b\u00fdt v rozporu se strategick\u00fdm a \u00fazemn\u00edm pl\u00e1nem a s pl\u00e1novan\u00fdmi akcemi a studiemi m\u011bsta.<\/li>\n<li>Projekt mus\u00ed m\u00edt p\u0159\u00ednos pro m\u011bsto a jeho ob\u010dany.<\/li>\n<li>Projekt mus\u00ed b\u00fdt realizovateln\u00fd b\u011bhem <strong>18 m\u011bs\u00edc\u016f<\/strong> od schv\u00e1len\u00ed realizace projekt\u016f Radou m\u011bsta Chebu.<\/li>\n<\/ul>\n<h3>3. Pravidla pro postup posouzen\u00ed realizovatelnosti projektu<\/h3>\n<ul>\n<li>Pro v\u00fdb\u011br projekt\u016f ur\u010den\u00fdch k hlasov\u00e1n\u00ed ob\u010dan\u016f je z\u0159\u00edzena odborn\u00e1 komise ve slo\u017een\u00ed: <strong>vedouc\u00ed odboru kancel\u00e1\u0159e starosty, vedouc\u00ed odboru investic, vedouc\u00ed odboru komun\u00e1ln\u00edho hospod\u00e1\u0159stv\u00ed, vedouc\u00ed odboru stavebn\u00edho a \u017eivotn\u00edho prost\u0159ed\u00ed, m\u00edstostarostov\u00e9<\/strong>.<\/li>\n<li>Pro pot\u0159eby participace je z\u0159\u00edzen tzv. <strong>z\u00e1sobn\u00edk projekt\u016f = projekty, jejich\u017e realizace se odkl\u00e1dala; projekty, kter\u00e9 jsou ji\u017e v ur\u010dit\u00e9 f\u00e1zi zpracov\u00e1n\u00ed, nap\u0159. ve form\u011b studie proveditelnosti apod. \u0158ada t\u011bchto projekt\u016f vych\u00e1z\u00ed z n\u00e1zor\u016f \u010di po\u017eadavk\u016f ob\u010dan\u016f, kte\u0159\u00ed sv\u00fdm hlasov\u00e1n\u00edm projev\u00ed z\u00e1jem, kter\u00e9mu projektu daj\u00ed p\u0159ednost v realizaci<\/strong>.<\/li>\n<li>Odborn\u00e1 komise ze z\u00e1sobn\u00edku projekt\u016f vybere 10 projekt\u016f, se kter\u00fdmi budou ob\u010dan\u00e9 sezn\u00e1meni prost\u0159ednictv\u00edm komunika\u010dn\u00edch kan\u00e1l\u016f m\u011bsta a kter\u00e9 budou n\u00e1sledn\u011b p\u0159edlo\u017eeny k hlasov\u00e1n\u00ed.<\/li>\n<li><strong>Na z\u00e1klad\u011b v\u00fdsledk\u016f hlasov\u00e1n\u00ed budou realizov\u00e1ny maxim\u00e1ln\u011b t\u0159i projekty um\u00edst\u011bn\u00e9 na prvn\u00edch t\u0159ech m\u00edstech dle po\u010dtu hlas\u016f v celkov\u00e9 maxim\u00e1ln\u00ed hodnot\u011b 6 mil. K\u010d<\/strong>.<\/li>\n<\/ul>\n<h3>4. Pravidla pro hlasov\u00e1n\u00ed<\/h3>\n<ul>\n<li>Hlasov\u00e1n\u00ed se mohou \u00fa\u010dastnit <strong>ob\u010dan\u00e9 star\u0161\u00ed 15 let<\/strong>.<\/li>\n<li>Hlasov\u00e1n\u00ed bude prob\u00edhat elektronickou formou. Hlasovat bude rovn\u011b\u017e mo\u017en\u00e9 na M\u011b\u00da (m\u00edsto bude ur\u010deno n\u00e1sledn\u011b, nap\u0159. na podateln\u011b, CzechPointu, TIC) s asistenc\u00ed zam\u011bstnance \u00fa\u0159adu. Hlasuj\u00edc\u00ed k hlasov\u00e1n\u00ed pot\u0159ebuje mobiln\u00ed telefon, na kter\u00fd bude zasl\u00e1n ov\u011b\u0159ovac\u00ed SMS k\u00f3d.<\/li>\n<li>Hlasuj\u00edc\u00ed m\u016f\u017ee rozd\u011blit sv\u00e9 hlasy mezi libovoln\u00e9 projekty. Jednomu projektu v\u0161ak m\u016f\u017ee ud\u011blit maxim\u00e1ln\u011b jeden hlas.<\/li>\n<\/ul>\n<h3>5. Pravidla pro zpracov\u00e1n\u00ed v\u00fdsledk\u016f<\/h3>\n<ul>\n<li>Platn\u00e1 budou ta hlasov\u00e1n\u00ed, kter\u00e1 budou v souladu s pravidly uveden\u00fdmi v\u00fd\u0161e.<\/li>\n<li>Na z\u00e1klad\u011b z\u00edskan\u00fdch bod\u016f se sestav\u00ed v\u00fdsledkov\u00fd \u017eeb\u0159\u00ed\u010dek.<\/li>\n<li>Na z\u00e1klad\u011b tohoto \u017eeb\u0159\u00ed\u010dku se rozd\u011bl\u00ed finan\u010dn\u00ed prost\u0159edky pot\u0159ebn\u00e9 pro realizaci projektu, v po\u0159ad\u00ed od projektu, kter\u00fd z\u00edskal nejv\u00edce bod\u016f.<\/li>\n<li>Pokud z\u00edskaj\u00ed dva \u010di v\u00edce projekty stejn\u00fd po\u010det bod\u016f, realizuje se ten s nejvy\u0161\u0161\u00edm rozpo\u010dtem.<\/li>\n<\/ul>\n<p>&nbsp;<\/p>\n<h3>6. Informace o v\u00fdsledc\u00edch hlasov\u00e1n\u00ed a n\u00e1sledn\u00e9 realizaci projekt\u016f v org\u00e1nech m\u011bsta<\/h3>\n<ul>\n<li>Org\u00e1ny m\u011bsta Chebu (rada a zastupitelstvo m\u011bsta) berou na v\u011bdom\u00ed v\u00fdsledky hlasov\u00e1n\u00ed a rozd\u011blen\u00ed finan\u010dn\u00edch prost\u0159edk\u016f do rozpo\u010dtu realizuj\u00edc\u00edch odbor\u016f.<\/li>\n<\/ul>\n<p>&nbsp;<\/p>\n<h2>Participativn\u00ed rozpo\u010det v kostce<\/h2>\n<p>Participativn\u00ed rozpo\u010dtov\u00e1n\u00ed nen\u00ed ve sv\u011bt\u011b <b>\u017e\u00e1dn\u00e1 novinka<\/b>. Pou\u017e\u00edv\u00e1 se dnes v tis\u00edc\u00edch obc\u00ed, m\u011bst, kraj\u016f, st\u00e1t\u016f i men\u0161\u00edch komunit po cel\u00e9m sv\u011bt\u011b. V roce 1989 ho poprv\u00e9 za\u010dali vyu\u017e\u00edvat v Braz\u00edlii ve m\u011bst\u011b Porto Alegre jako n\u00e1stroj pro efektivn\u00ed ur\u010den\u00ed hlavn\u00edch priorit pro rozpo\u010det Tento postup pro rozhodov\u00e1n\u00ed se n\u00e1sledn\u011b ujal jak v ji\u017en\u00ed Americe, tak ve zbytku sv\u011bta. Podporuj\u00ed ho v\u00fdznamn\u00e9 instituce jako Spojen\u00e9 n\u00e1rody nebo Sv\u011btov\u00e1 banka jako efektivn\u00ed n\u00e1stroj participace.<\/p>\n<p>Participativn\u00ed rozpo\u010dtov\u00e1n\u00ed se roz\u0161\u00ed\u0159ilo i do Evropy. Vyu\u017e\u00edvaj\u00ed ho <b>od z\u00e1padu na v\u00fdchod<\/b>. Tradi\u010dn\u011b siln\u00fd je ve \u0160pan\u011blsku a Portugalsku, ale vyu\u017e\u00edvaj\u00ed ho tak\u00e9 m\u011bsta v dal\u0161\u00edch evropsk\u00fdch zem\u00edch.\u00a0 Na\u0161i pol\u0161t\u00ed soused\u00e9 jej dokonce zav\u00e1d\u00ed legislativn\u011b. U n\u00e1s se tento n\u00e1stroj ob\u010dansk\u00e9 participace st\u00e1v\u00e1 v\u00edce a v\u00edce popul\u00e1rn\u00ed. <a href=\"https:\/\/www.participativni-rozpocet.cz\/participativni-rozpocet\/\" target=\"_blank\" rel=\"noopener\">Mapa participativn\u00edho rozpo\u010dtov\u00e1n\u00ed<\/a> ukazuje neust\u00e1le se zv\u011bt\u0161uj\u00edc\u00edho po\u010dtu zapojen\u00fdch m\u011bst v \u010cesk\u00e9 republice.<\/p>\n<p><b>C\u00edlem participativn\u00edho rozpo\u010dtu<\/b> nen\u00ed jen p\u0159erozd\u011blit ur\u010dit\u00e9 mno\u017estv\u00ed pen\u011bz, nejde tedy o nov\u011b pojmenovan\u00fd grantov\u00fd syst\u00e9m. Smyslem participativn\u00edho rozpo\u010dtu je vt\u00e1hnout obyvatele do dialogu o utv\u00e1\u0159en\u00ed m\u00edsta, kde \u017eij\u00ed, uk\u00e1zat lidem, jak\u00e9 jsou mo\u017enosti obce i jak se mohou na tvo\u0159en\u00ed m\u011bsta pod\u00edlet, ale nau\u010dit radnice zp\u016fsobu, jak ob\u010dan\u016fm naslouchat a jak s nimi efektivn\u011b a konstruktivn\u011b komunikovat. D\u016fle\u017eitou sou\u010d\u00e1st\u00ed participativn\u00edho rozpo\u010dtu jsou ve\u0159ejn\u00e1 setk\u00e1n\u00ed a debaty o n\u00e1vrz\u00edch, na nich\u017e mohou vzniknout nov\u00e9 mezisousedsk\u00e9 vztahy i p\u0159\u00edjemn\u00e1 konstruktivn\u00ed atmosf\u00e9ra v obci.<\/p>\n","protected":false},"excerpt":{"rendered":"<p>Projekty pro m\u011bsto je n\u00e1zev pro chebsk\u00fd participativn\u00ed rozpo\u010det. Ten umo\u017e\u0148uje, aby se ob\u010dan\u00e9 zapojili do rozhodov\u00e1n\u00ed o rozvoji sv\u00e9 obce. Radnice vymez\u00ed \u010d\u00e1st pen\u011bz z ro\u010dn\u00edho rozpo\u010dtu, odborn\u00e1 komise vybere projekty, kter\u00e9 vznikly z podn\u011bt\u016f ob\u010dan\u016f a\u00a0 ob\u010dan\u00e9\u00a0budou moci n\u00e1sledn\u011b o t\u011bchto projektech hlasovat. M\u011bsto na tyto projekty pro rok 2023\/24 vy\u010dlen\u00ed 6 000 [&hellip;]<\/p>\n","protected":false},"author":25,"featured_media":0,"parent":0,"menu_order":0,"comment_status":"closed","ping_status":"closed","template":"","meta":{"_acf_changed":false,"footnotes":""},"class_list":["post-1059","page","type-page","status-publish","hentry"],"acf":[],"yoast_head":"<!-- This site is optimized with the Yoast SEO plugin v24.2 - https:\/\/yoast.com\/wordpress\/plugins\/seo\/ -->\n<title>Projekty pro m\u011bsto - cheb<\/title>\n<meta name=\"robots\" content=\"index, follow, max-snippet:-1, max-image-preview:large, max-video-preview:-1\" \/>\n<meta property=\"og:locale\" content=\"cs_CZ\" \/>\n<meta property=\"og:type\" content=\"article\" \/>\n<meta property=\"og:title\" content=\"Projekty pro m\u011bsto - cheb\" \/>\n<meta property=\"og:description\" content=\"Projekty pro m\u011bsto je n\u00e1zev pro chebsk\u00fd participativn\u00ed rozpo\u010det. Ten umo\u017e\u0148uje, aby se ob\u010dan\u00e9 zapojili do rozhodov\u00e1n\u00ed o rozvoji sv\u00e9 obce. Radnice vymez\u00ed \u010d\u00e1st pen\u011bz z ro\u010dn\u00edho rozpo\u010dtu, odborn\u00e1 komise vybere projekty, kter\u00e9 vznikly z podn\u011bt\u016f ob\u010dan\u016f a\u00a0 ob\u010dan\u00e9\u00a0budou moci n\u00e1sledn\u011b o t\u011bchto projektech hlasovat. M\u011bsto na tyto projekty pro rok 2023\/24 vy\u010dlen\u00ed 6 000 [&hellip;]\" \/>\n<meta property=\"og:url\" content=\"https:\/\/www.participativni-rozpocet.cz\/meganapady\/o-mega-napadech\/\" \/>\n<meta property=\"og:site_name\" content=\"cheb\" \/>\n<meta property=\"article:modified_time\" content=\"2023-10-03T10:24:51+00:00\" \/>\n<meta property=\"og:image\" content=\"https:\/\/www.participativni-rozpocet.cz\/meganapady\/wp-content\/uploads\/sites\/45\/2019\/09\/PARO_modre.jpg\" \/>\n\t<meta property=\"og:image:width\" content=\"807\" \/>\n\t<meta property=\"og:image:height\" content=\"293\" \/>\n\t<meta property=\"og:image:type\" content=\"image\/jpeg\" \/>\n<meta name=\"twitter:card\" content=\"summary_large_image\" \/>\n<meta name=\"twitter:label1\" content=\"Odhadovan\u00e1 doba \u010dten\u00ed\" \/>\n\t<meta name=\"twitter:data1\" content=\"7 minut\" \/>\n<script type=\"application\/ld+json\" class=\"yoast-schema-graph\">{\"@context\":\"https:\/\/schema.org\",\"@graph\":[{\"@type\":\"WebPage\",\"@id\":\"https:\/\/www.participativni-rozpocet.cz\/meganapady\/o-mega-napadech\/\",\"url\":\"https:\/\/www.participativni-rozpocet.cz\/meganapady\/o-mega-napadech\/\",\"name\":\"Projekty pro m\u011bsto - cheb\",\"isPartOf\":{\"@id\":\"https:\/\/www.participativni-rozpocet.cz\/meganapady\/#website\"},\"datePublished\":\"2019-09-22T00:15:41+00:00\",\"dateModified\":\"2023-10-03T10:24:51+00:00\",\"breadcrumb\":{\"@id\":\"https:\/\/www.participativni-rozpocet.cz\/meganapady\/o-mega-napadech\/#breadcrumb\"},\"inLanguage\":\"cs\",\"potentialAction\":[{\"@type\":\"ReadAction\",\"target\":[\"https:\/\/www.participativni-rozpocet.cz\/meganapady\/o-mega-napadech\/\"]}]},{\"@type\":\"BreadcrumbList\",\"@id\":\"https:\/\/www.participativni-rozpocet.cz\/meganapady\/o-mega-napadech\/#breadcrumb\",\"itemListElement\":[{\"@type\":\"ListItem\",\"position\":1,\"name\":\"Dom\u016f\",\"item\":\"https:\/\/www.participativni-rozpocet.cz\/meganapady\/\"},{\"@type\":\"ListItem\",\"position\":2,\"name\":\"Projekty pro m\u011bsto\"}]},{\"@type\":\"WebSite\",\"@id\":\"https:\/\/www.participativni-rozpocet.cz\/meganapady\/#website\",\"url\":\"https:\/\/www.participativni-rozpocet.cz\/meganapady\/\",\"name\":\"cheb\",\"description\":\"Participativn\u00ed rozpo\u010det m\u011bsta\",\"publisher\":{\"@id\":\"https:\/\/www.participativni-rozpocet.cz\/meganapady\/#organization\"},\"potentialAction\":[{\"@type\":\"SearchAction\",\"target\":{\"@type\":\"EntryPoint\",\"urlTemplate\":\"https:\/\/www.participativni-rozpocet.cz\/meganapady\/?s={search_term_string}\"},\"query-input\":{\"@type\":\"PropertyValueSpecification\",\"valueRequired\":true,\"valueName\":\"search_term_string\"}}],\"inLanguage\":\"cs\"},{\"@type\":\"Organization\",\"@id\":\"https:\/\/www.participativni-rozpocet.cz\/meganapady\/#organization\",\"name\":\"cheb\",\"url\":\"https:\/\/www.participativni-rozpocet.cz\/meganapady\/\",\"logo\":{\"@type\":\"ImageObject\",\"inLanguage\":\"cs\",\"@id\":\"https:\/\/www.participativni-rozpocet.cz\/meganapady\/#\/schema\/logo\/image\/\",\"url\":\"https:\/\/www.participativni-rozpocet.cz\/meganapady\/wp-content\/uploads\/sites\/45\/2022\/03\/mega_napady_cheb_logo.png\",\"contentUrl\":\"https:\/\/www.participativni-rozpocet.cz\/meganapady\/wp-content\/uploads\/sites\/45\/2022\/03\/mega_napady_cheb_logo.png\",\"width\":501,\"height\":202,\"caption\":\"cheb\"},\"image\":{\"@id\":\"https:\/\/www.participativni-rozpocet.cz\/meganapady\/#\/schema\/logo\/image\/\"}}]}<\/script>\n<!-- \/ Yoast SEO plugin. -->","yoast_head_json":{"title":"Projekty pro m\u011bsto - cheb","robots":{"index":"index","follow":"follow","max-snippet":"max-snippet:-1","max-image-preview":"max-image-preview:large","max-video-preview":"max-video-preview:-1"},"og_locale":"cs_CZ","og_type":"article","og_title":"Projekty pro m\u011bsto - cheb","og_description":"Projekty pro m\u011bsto je n\u00e1zev pro chebsk\u00fd participativn\u00ed rozpo\u010det. Ten umo\u017e\u0148uje, aby se ob\u010dan\u00e9 zapojili do rozhodov\u00e1n\u00ed o rozvoji sv\u00e9 obce. Radnice vymez\u00ed \u010d\u00e1st pen\u011bz z ro\u010dn\u00edho rozpo\u010dtu, odborn\u00e1 komise vybere projekty, kter\u00e9 vznikly z podn\u011bt\u016f ob\u010dan\u016f a\u00a0 ob\u010dan\u00e9\u00a0budou moci n\u00e1sledn\u011b o t\u011bchto projektech hlasovat. M\u011bsto na tyto projekty pro rok 2023\/24 vy\u010dlen\u00ed 6 000 [&hellip;]","og_url":"https:\/\/www.participativni-rozpocet.cz\/meganapady\/o-mega-napadech\/","og_site_name":"cheb","article_modified_time":"2023-10-03T10:24:51+00:00","og_image":[{"width":807,"height":293,"url":"https:\/\/www.participativni-rozpocet.cz\/meganapady\/wp-content\/uploads\/sites\/45\/2019\/09\/PARO_modre.jpg","type":"image\/jpeg"}],"twitter_card":"summary_large_image","twitter_misc":{"Odhadovan\u00e1 doba \u010dten\u00ed":"7 minut"},"schema":{"@context":"https:\/\/schema.org","@graph":[{"@type":"WebPage","@id":"https:\/\/www.participativni-rozpocet.cz\/meganapady\/o-mega-napadech\/","url":"https:\/\/www.participativni-rozpocet.cz\/meganapady\/o-mega-napadech\/","name":"Projekty pro m\u011bsto - cheb","isPartOf":{"@id":"https:\/\/www.participativni-rozpocet.cz\/meganapady\/#website"},"datePublished":"2019-09-22T00:15:41+00:00","dateModified":"2023-10-03T10:24:51+00:00","breadcrumb":{"@id":"https:\/\/www.participativni-rozpocet.cz\/meganapady\/o-mega-napadech\/#breadcrumb"},"inLanguage":"cs","potentialAction":[{"@type":"ReadAction","target":["https:\/\/www.participativni-rozpocet.cz\/meganapady\/o-mega-napadech\/"]}]},{"@type":"BreadcrumbList","@id":"https:\/\/www.participativni-rozpocet.cz\/meganapady\/o-mega-napadech\/#breadcrumb","itemListElement":[{"@type":"ListItem","position":1,"name":"Dom\u016f","item":"https:\/\/www.participativni-rozpocet.cz\/meganapady\/"},{"@type":"ListItem","position":2,"name":"Projekty pro m\u011bsto"}]},{"@type":"WebSite","@id":"https:\/\/www.participativni-rozpocet.cz\/meganapady\/#website","url":"https:\/\/www.participativni-rozpocet.cz\/meganapady\/","name":"cheb","description":"Participativn\u00ed rozpo\u010det m\u011bsta","publisher":{"@id":"https:\/\/www.participativni-rozpocet.cz\/meganapady\/#organization"},"potentialAction":[{"@type":"SearchAction","target":{"@type":"EntryPoint","urlTemplate":"https:\/\/www.participativni-rozpocet.cz\/meganapady\/?s={search_term_string}"},"query-input":{"@type":"PropertyValueSpecification","valueRequired":true,"valueName":"search_term_string"}}],"inLanguage":"cs"},{"@type":"Organization","@id":"https:\/\/www.participativni-rozpocet.cz\/meganapady\/#organization","name":"cheb","url":"https:\/\/www.participativni-rozpocet.cz\/meganapady\/","logo":{"@type":"ImageObject","inLanguage":"cs","@id":"https:\/\/www.participativni-rozpocet.cz\/meganapady\/#\/schema\/logo\/image\/","url":"https:\/\/www.participativni-rozpocet.cz\/meganapady\/wp-content\/uploads\/sites\/45\/2022\/03\/mega_napady_cheb_logo.png","contentUrl":"https:\/\/www.participativni-rozpocet.cz\/meganapady\/wp-content\/uploads\/sites\/45\/2022\/03\/mega_napady_cheb_logo.png","width":501,"height":202,"caption":"cheb"},"image":{"@id":"https:\/\/www.participativni-rozpocet.cz\/meganapady\/#\/schema\/logo\/image\/"}}]}},"_links":{"self":[{"href":"https:\/\/www.participativni-rozpocet.cz\/meganapady\/wp-json\/wp\/v2\/pages\/1059","targetHints":{"allow":["GET"]}}],"collection":[{"href":"https:\/\/www.participativni-rozpocet.cz\/meganapady\/wp-json\/wp\/v2\/pages"}],"about":[{"href":"https:\/\/www.participativni-rozpocet.cz\/meganapady\/wp-json\/wp\/v2\/types\/page"}],"author":[{"embeddable":true,"href":"https:\/\/www.participativni-rozpocet.cz\/meganapady\/wp-json\/wp\/v2\/users\/25"}],"replies":[{"embeddable":true,"href":"https:\/\/www.participativni-rozpocet.cz\/meganapady\/wp-json\/wp\/v2\/comments?post=1059"}],"version-history":[{"count":39,"href":"https:\/\/www.participativni-rozpocet.cz\/meganapady\/wp-json\/wp\/v2\/pages\/1059\/revisions"}],"predecessor-version":[{"id":16914,"href":"https:\/\/www.participativni-rozpocet.cz\/meganapady\/wp-json\/wp\/v2\/pages\/1059\/revisions\/16914"}],"wp:attachment":[{"href":"https:\/\/www.participativni-rozpocet.cz\/meganapady\/wp-json\/wp\/v2\/media?parent=1059"}],"curies":[{"name":"wp","href":"https:\/\/api.w.org\/{rel}","templated":true}]}}