{"id":6141,"date":"2020-04-03T16:38:42","date_gmt":"2020-04-03T14:38:42","guid":{"rendered":"https:\/\/www.participativni-rozpocet.cz\/kaplice\/?page_id=6141"},"modified":"2025-03-06T17:22:36","modified_gmt":"2025-03-06T16:22:36","slug":"hlasovani-2025","status":"publish","type":"page","link":"https:\/\/www.participativni-rozpocet.cz\/kaplice\/hlasovani-2025\/","title":{"rendered":"Hlasov\u00e1n\u00ed 2025"},"content":{"rendered":"<p>#form-break-page#<\/p>\n","protected":false},"excerpt":{"rendered":"<p>#form-break-page#<\/p>\n","protected":false},"author":1,"featured_media":0,"parent":0,"menu_order":0,"comment_status":"closed","ping_status":"closed","template":"elementor_theme","meta":{"_acf_changed":false,"footnotes":""},"class_list":["post-6141","page","type-page","status-publish","hentry"],"acf":[],"yoast_head":"<!-- This site is optimized with the Yoast SEO plugin v24.2 - https:\/\/yoast.com\/wordpress\/plugins\/seo\/ -->\n<title>Hlasov\u00e1n\u00ed 2025 - Tvo\u0159\u00edme kaplicko<\/title>\n<meta name=\"robots\" content=\"index, follow, max-snippet:-1, max-image-preview:large, max-video-preview:-1\" \/>\n<meta property=\"og:locale\" content=\"cs_CZ\" \/>\n<meta property=\"og:type\" content=\"article\" \/>\n<meta property=\"og:title\" content=\"Hlasov\u00e1n\u00ed 2025 - Tvo\u0159\u00edme kaplicko\" \/>\n<meta property=\"og:description\" content=\"#form-break-page#\" \/>\n<meta property=\"og:url\" content=\"https:\/\/www.participativni-rozpocet.cz\/kaplice\/hlasovani-2025\/\" \/>\n<meta property=\"og:site_name\" content=\"Tvo\u0159\u00edme kaplicko\" \/>\n<meta property=\"article:modified_time\" content=\"2025-03-06T16:22:36+00:00\" \/>\n<meta property=\"og:image\" content=\"https:\/\/www.participativni-rozpocet.cz\/kaplice\/wp-content\/uploads\/sites\/63\/2020\/02\/web-mesta-teaser-universal.png\" \/>\n\t<meta property=\"og:image:width\" content=\"1000\" \/>\n\t<meta property=\"og:image:height\" content=\"562\" \/>\n\t<meta property=\"og:image:type\" content=\"image\/png\" \/>\n<meta name=\"twitter:card\" content=\"summary_large_image\" \/>\n<script type=\"application\/ld+json\" class=\"yoast-schema-graph\">{\"@context\":\"https:\/\/schema.org\",\"@graph\":[{\"@type\":\"WebPage\",\"@id\":\"https:\/\/www.participativni-rozpocet.cz\/kaplice\/hlasovani-2025\/\",\"url\":\"https:\/\/www.participativni-rozpocet.cz\/kaplice\/hlasovani-2025\/\",\"name\":\"Hlasov\u00e1n\u00ed 2025 - Tvo\u0159\u00edme kaplicko\",\"isPartOf\":{\"@id\":\"https:\/\/www.participativni-rozpocet.cz\/kaplice\/#website\"},\"datePublished\":\"2020-04-03T14:38:42+00:00\",\"dateModified\":\"2025-03-06T16:22:36+00:00\",\"breadcrumb\":{\"@id\":\"https:\/\/www.participativni-rozpocet.cz\/kaplice\/hlasovani-2025\/#breadcrumb\"},\"inLanguage\":\"cs\",\"potentialAction\":[{\"@type\":\"ReadAction\",\"target\":[\"https:\/\/www.participativni-rozpocet.cz\/kaplice\/hlasovani-2025\/\"]}]},{\"@type\":\"BreadcrumbList\",\"@id\":\"https:\/\/www.participativni-rozpocet.cz\/kaplice\/hlasovani-2025\/#breadcrumb\",\"itemListElement\":[{\"@type\":\"ListItem\",\"position\":1,\"name\":\"Dom\u016f\",\"item\":\"https:\/\/www.participativni-rozpocet.cz\/kaplice\/\"},{\"@type\":\"ListItem\",\"position\":2,\"name\":\"Hlasov\u00e1n\u00ed 2025\"}]},{\"@type\":\"WebSite\",\"@id\":\"https:\/\/www.participativni-rozpocet.cz\/kaplice\/#website\",\"url\":\"https:\/\/www.participativni-rozpocet.cz\/kaplice\/\",\"name\":\"Tvo\u0159\u00edme kaplicko\",\"description\":\"Participativn\u00ed rozpo\u010det\",\"publisher\":{\"@id\":\"https:\/\/www.participativni-rozpocet.cz\/kaplice\/#organization\"},\"potentialAction\":[{\"@type\":\"SearchAction\",\"target\":{\"@type\":\"EntryPoint\",\"urlTemplate\":\"https:\/\/www.participativni-rozpocet.cz\/kaplice\/?s={search_term_string}\"},\"query-input\":{\"@type\":\"PropertyValueSpecification\",\"valueRequired\":true,\"valueName\":\"search_term_string\"}}],\"inLanguage\":\"cs\"},{\"@type\":\"Organization\",\"@id\":\"https:\/\/www.participativni-rozpocet.cz\/kaplice\/#organization\",\"name\":\"Tvo\u0159\u00edme kaplicko\",\"url\":\"https:\/\/www.participativni-rozpocet.cz\/kaplice\/\",\"logo\":{\"@type\":\"ImageObject\",\"inLanguage\":\"cs\",\"@id\":\"https:\/\/www.participativni-rozpocet.cz\/kaplice\/#\/schema\/logo\/image\/\",\"url\":\"https:\/\/www.participativni-rozpocet.cz\/kaplice\/wp-content\/uploads\/sites\/63\/2024\/10\/logo_tvorime_kaplicko.svg\",\"contentUrl\":\"https:\/\/www.participativni-rozpocet.cz\/kaplice\/wp-content\/uploads\/sites\/63\/2024\/10\/logo_tvorime_kaplicko.svg\",\"width\":240,\"height\":101,\"caption\":\"Tvo\u0159\u00edme kaplicko\"},\"image\":{\"@id\":\"https:\/\/www.participativni-rozpocet.cz\/kaplice\/#\/schema\/logo\/image\/\"}}]}<\/script>\n<!-- \/ Yoast SEO plugin. -->","yoast_head_json":{"title":"Hlasov\u00e1n\u00ed 2025 - Tvo\u0159\u00edme kaplicko","robots":{"index":"index","follow":"follow","max-snippet":"max-snippet:-1","max-image-preview":"max-image-preview:large","max-video-preview":"max-video-preview:-1"},"og_locale":"cs_CZ","og_type":"article","og_title":"Hlasov\u00e1n\u00ed 2025 - Tvo\u0159\u00edme kaplicko","og_description":"#form-break-page#","og_url":"https:\/\/www.participativni-rozpocet.cz\/kaplice\/hlasovani-2025\/","og_site_name":"Tvo\u0159\u00edme kaplicko","article_modified_time":"2025-03-06T16:22:36+00:00","og_image":[{"width":1000,"height":562,"url":"https:\/\/www.participativni-rozpocet.cz\/kaplice\/wp-content\/uploads\/sites\/63\/2020\/02\/web-mesta-teaser-universal.png","type":"image\/png"}],"twitter_card":"summary_large_image","schema":{"@context":"https:\/\/schema.org","@graph":[{"@type":"WebPage","@id":"https:\/\/www.participativni-rozpocet.cz\/kaplice\/hlasovani-2025\/","url":"https:\/\/www.participativni-rozpocet.cz\/kaplice\/hlasovani-2025\/","name":"Hlasov\u00e1n\u00ed 2025 - Tvo\u0159\u00edme kaplicko","isPartOf":{"@id":"https:\/\/www.participativni-rozpocet.cz\/kaplice\/#website"},"datePublished":"2020-04-03T14:38:42+00:00","dateModified":"2025-03-06T16:22:36+00:00","breadcrumb":{"@id":"https:\/\/www.participativni-rozpocet.cz\/kaplice\/hlasovani-2025\/#breadcrumb"},"inLanguage":"cs","potentialAction":[{"@type":"ReadAction","target":["https:\/\/www.participativni-rozpocet.cz\/kaplice\/hlasovani-2025\/"]}]},{"@type":"BreadcrumbList","@id":"https:\/\/www.participativni-rozpocet.cz\/kaplice\/hlasovani-2025\/#breadcrumb","itemListElement":[{"@type":"ListItem","position":1,"name":"Dom\u016f","item":"https:\/\/www.participativni-rozpocet.cz\/kaplice\/"},{"@type":"ListItem","position":2,"name":"Hlasov\u00e1n\u00ed 2025"}]},{"@type":"WebSite","@id":"https:\/\/www.participativni-rozpocet.cz\/kaplice\/#website","url":"https:\/\/www.participativni-rozpocet.cz\/kaplice\/","name":"Tvo\u0159\u00edme kaplicko","description":"Participativn\u00ed rozpo\u010det","publisher":{"@id":"https:\/\/www.participativni-rozpocet.cz\/kaplice\/#organization"},"potentialAction":[{"@type":"SearchAction","target":{"@type":"EntryPoint","urlTemplate":"https:\/\/www.participativni-rozpocet.cz\/kaplice\/?s={search_term_string}"},"query-input":{"@type":"PropertyValueSpecification","valueRequired":true,"valueName":"search_term_string"}}],"inLanguage":"cs"},{"@type":"Organization","@id":"https:\/\/www.participativni-rozpocet.cz\/kaplice\/#organization","name":"Tvo\u0159\u00edme kaplicko","url":"https:\/\/www.participativni-rozpocet.cz\/kaplice\/","logo":{"@type":"ImageObject","inLanguage":"cs","@id":"https:\/\/www.participativni-rozpocet.cz\/kaplice\/#\/schema\/logo\/image\/","url":"https:\/\/www.participativni-rozpocet.cz\/kaplice\/wp-content\/uploads\/sites\/63\/2024\/10\/logo_tvorime_kaplicko.svg","contentUrl":"https:\/\/www.participativni-rozpocet.cz\/kaplice\/wp-content\/uploads\/sites\/63\/2024\/10\/logo_tvorime_kaplicko.svg","width":240,"height":101,"caption":"Tvo\u0159\u00edme kaplicko"},"image":{"@id":"https:\/\/www.participativni-rozpocet.cz\/kaplice\/#\/schema\/logo\/image\/"}}]}},"_links":{"self":[{"href":"https:\/\/www.participativni-rozpocet.cz\/kaplice\/wp-json\/wp\/v2\/pages\/6141","targetHints":{"allow":["GET"]}}],"collection":[{"href":"https:\/\/www.participativni-rozpocet.cz\/kaplice\/wp-json\/wp\/v2\/pages"}],"about":[{"href":"https:\/\/www.participativni-rozpocet.cz\/kaplice\/wp-json\/wp\/v2\/types\/page"}],"author":[{"embeddable":true,"href":"https:\/\/www.participativni-rozpocet.cz\/kaplice\/wp-json\/wp\/v2\/users\/1"}],"replies":[{"embeddable":true,"href":"https:\/\/www.participativni-rozpocet.cz\/kaplice\/wp-json\/wp\/v2\/comments?post=6141"}],"version-history":[{"count":5,"href":"https:\/\/www.participativni-rozpocet.cz\/kaplice\/wp-json\/wp\/v2\/pages\/6141\/revisions"}],"predecessor-version":[{"id":7110,"href":"https:\/\/www.participativni-rozpocet.cz\/kaplice\/wp-json\/wp\/v2\/pages\/6141\/revisions\/7110"}],"wp:attachment":[{"href":"https:\/\/www.participativni-rozpocet.cz\/kaplice\/wp-json\/wp\/v2\/media?parent=6141"}],"curies":[{"name":"wp","href":"https:\/\/api.w.org\/{rel}","templated":true}]}}