{"id":6141,"date":"2020-04-03T16:38:42","date_gmt":"2020-04-03T14:38:42","guid":{"rendered":"https:\/\/www.participativni-rozpocet.cz\/praha-troja\/?page_id=6141"},"modified":"2020-04-03T16:38:42","modified_gmt":"2020-04-03T14:38:42","slug":"hlasovani","status":"publish","type":"page","link":"http:\/\/www.participativni-rozpocet.cz\/praha-troja\/hlasovani\/","title":{"rendered":"Hlasov\u00e1n\u00ed"},"content":{"rendered":"<p>#form-break-page#<\/p>\n","protected":false},"excerpt":{"rendered":"<p>#form-break-page#<\/p>\n","protected":false},"author":1,"featured_media":0,"parent":0,"menu_order":0,"comment_status":"closed","ping_status":"closed","template":"","meta":{"_acf_changed":false,"footnotes":""},"class_list":["post-6141","page","type-page","status-publish","hentry"],"acf":[],"yoast_head":"<!-- This site is optimized with the Yoast SEO plugin v24.2 - https:\/\/yoast.com\/wordpress\/plugins\/seo\/ -->\n<title>Hlasov\u00e1n\u00ed - Troja sob\u011b<\/title>\n<meta name=\"robots\" content=\"index, follow, max-snippet:-1, max-image-preview:large, max-video-preview:-1\" \/>\n<meta property=\"og:locale\" content=\"cs_CZ\" \/>\n<meta property=\"og:type\" content=\"article\" \/>\n<meta property=\"og:title\" content=\"Hlasov\u00e1n\u00ed - Troja sob\u011b\" \/>\n<meta property=\"og:description\" content=\"#form-break-page#\" \/>\n<meta property=\"og:url\" content=\"http:\/\/www.participativni-rozpocet.cz\/praha-troja\/hlasovani\/\" \/>\n<meta property=\"og:site_name\" content=\"Troja sob\u011b\" \/>\n<meta property=\"og:image\" content=\"http:\/\/www.participativni-rozpocet.cz\/praha-troja\/wp-content\/uploads\/sites\/56\/2021\/12\/social_media_image-1.png\" \/>\n\t<meta property=\"og:image:width\" content=\"1000\" \/>\n\t<meta property=\"og:image:height\" content=\"562\" \/>\n\t<meta property=\"og:image:type\" content=\"image\/png\" \/>\n<meta name=\"twitter:card\" content=\"summary_large_image\" \/>\n<script type=\"application\/ld+json\" class=\"yoast-schema-graph\">{\"@context\":\"https:\/\/schema.org\",\"@graph\":[{\"@type\":\"WebPage\",\"@id\":\"http:\/\/www.participativni-rozpocet.cz\/praha-troja\/hlasovani\/\",\"url\":\"http:\/\/www.participativni-rozpocet.cz\/praha-troja\/hlasovani\/\",\"name\":\"Hlasov\u00e1n\u00ed - Troja sob\u011b\",\"isPartOf\":{\"@id\":\"https:\/\/www.participativni-rozpocet.cz\/praha-troja\/#website\"},\"datePublished\":\"2020-04-03T14:38:42+00:00\",\"dateModified\":\"2020-04-03T14:38:42+00:00\",\"breadcrumb\":{\"@id\":\"http:\/\/www.participativni-rozpocet.cz\/praha-troja\/hlasovani\/#breadcrumb\"},\"inLanguage\":\"cs\",\"potentialAction\":[{\"@type\":\"ReadAction\",\"target\":[\"http:\/\/www.participativni-rozpocet.cz\/praha-troja\/hlasovani\/\"]}]},{\"@type\":\"BreadcrumbList\",\"@id\":\"http:\/\/www.participativni-rozpocet.cz\/praha-troja\/hlasovani\/#breadcrumb\",\"itemListElement\":[{\"@type\":\"ListItem\",\"position\":1,\"name\":\"Dom\u016f\",\"item\":\"https:\/\/www.participativni-rozpocet.cz\/praha-troja\/\"},{\"@type\":\"ListItem\",\"position\":2,\"name\":\"Hlasov\u00e1n\u00ed\"}]},{\"@type\":\"WebSite\",\"@id\":\"https:\/\/www.participativni-rozpocet.cz\/praha-troja\/#website\",\"url\":\"https:\/\/www.participativni-rozpocet.cz\/praha-troja\/\",\"name\":\"Troja sob\u011b\",\"description\":\"Participativn\u00ed rozpo\u010det\",\"publisher\":{\"@id\":\"https:\/\/www.participativni-rozpocet.cz\/praha-troja\/#organization\"},\"potentialAction\":[{\"@type\":\"SearchAction\",\"target\":{\"@type\":\"EntryPoint\",\"urlTemplate\":\"https:\/\/www.participativni-rozpocet.cz\/praha-troja\/?s={search_term_string}\"},\"query-input\":{\"@type\":\"PropertyValueSpecification\",\"valueRequired\":true,\"valueName\":\"search_term_string\"}}],\"inLanguage\":\"cs\"},{\"@type\":\"Organization\",\"@id\":\"https:\/\/www.participativni-rozpocet.cz\/praha-troja\/#organization\",\"name\":\"Troja sob\u011b\",\"url\":\"https:\/\/www.participativni-rozpocet.cz\/praha-troja\/\",\"logo\":{\"@type\":\"ImageObject\",\"inLanguage\":\"cs\",\"@id\":\"https:\/\/www.participativni-rozpocet.cz\/praha-troja\/#\/schema\/logo\/image\/\",\"url\":\"http:\/\/www.participativni-rozpocet.cz\/praha-troja\/wp-content\/uploads\/sites\/56\/2021\/12\/logo_header-1.png\",\"contentUrl\":\"http:\/\/www.participativni-rozpocet.cz\/praha-troja\/wp-content\/uploads\/sites\/56\/2021\/12\/logo_header-1.png\",\"width\":374,\"height\":200,\"caption\":\"Troja sob\u011b\"},\"image\":{\"@id\":\"https:\/\/www.participativni-rozpocet.cz\/praha-troja\/#\/schema\/logo\/image\/\"}}]}<\/script>\n<!-- \/ Yoast SEO plugin. -->","yoast_head_json":{"title":"Hlasov\u00e1n\u00ed - Troja sob\u011b","robots":{"index":"index","follow":"follow","max-snippet":"max-snippet:-1","max-image-preview":"max-image-preview:large","max-video-preview":"max-video-preview:-1"},"og_locale":"cs_CZ","og_type":"article","og_title":"Hlasov\u00e1n\u00ed - Troja sob\u011b","og_description":"#form-break-page#","og_url":"http:\/\/www.participativni-rozpocet.cz\/praha-troja\/hlasovani\/","og_site_name":"Troja sob\u011b","og_image":[{"width":1000,"height":562,"url":"http:\/\/www.participativni-rozpocet.cz\/praha-troja\/wp-content\/uploads\/sites\/56\/2021\/12\/social_media_image-1.png","type":"image\/png"}],"twitter_card":"summary_large_image","schema":{"@context":"https:\/\/schema.org","@graph":[{"@type":"WebPage","@id":"http:\/\/www.participativni-rozpocet.cz\/praha-troja\/hlasovani\/","url":"http:\/\/www.participativni-rozpocet.cz\/praha-troja\/hlasovani\/","name":"Hlasov\u00e1n\u00ed - Troja sob\u011b","isPartOf":{"@id":"https:\/\/www.participativni-rozpocet.cz\/praha-troja\/#website"},"datePublished":"2020-04-03T14:38:42+00:00","dateModified":"2020-04-03T14:38:42+00:00","breadcrumb":{"@id":"http:\/\/www.participativni-rozpocet.cz\/praha-troja\/hlasovani\/#breadcrumb"},"inLanguage":"cs","potentialAction":[{"@type":"ReadAction","target":["http:\/\/www.participativni-rozpocet.cz\/praha-troja\/hlasovani\/"]}]},{"@type":"BreadcrumbList","@id":"http:\/\/www.participativni-rozpocet.cz\/praha-troja\/hlasovani\/#breadcrumb","itemListElement":[{"@type":"ListItem","position":1,"name":"Dom\u016f","item":"https:\/\/www.participativni-rozpocet.cz\/praha-troja\/"},{"@type":"ListItem","position":2,"name":"Hlasov\u00e1n\u00ed"}]},{"@type":"WebSite","@id":"https:\/\/www.participativni-rozpocet.cz\/praha-troja\/#website","url":"https:\/\/www.participativni-rozpocet.cz\/praha-troja\/","name":"Troja sob\u011b","description":"Participativn\u00ed rozpo\u010det","publisher":{"@id":"https:\/\/www.participativni-rozpocet.cz\/praha-troja\/#organization"},"potentialAction":[{"@type":"SearchAction","target":{"@type":"EntryPoint","urlTemplate":"https:\/\/www.participativni-rozpocet.cz\/praha-troja\/?s={search_term_string}"},"query-input":{"@type":"PropertyValueSpecification","valueRequired":true,"valueName":"search_term_string"}}],"inLanguage":"cs"},{"@type":"Organization","@id":"https:\/\/www.participativni-rozpocet.cz\/praha-troja\/#organization","name":"Troja sob\u011b","url":"https:\/\/www.participativni-rozpocet.cz\/praha-troja\/","logo":{"@type":"ImageObject","inLanguage":"cs","@id":"https:\/\/www.participativni-rozpocet.cz\/praha-troja\/#\/schema\/logo\/image\/","url":"http:\/\/www.participativni-rozpocet.cz\/praha-troja\/wp-content\/uploads\/sites\/56\/2021\/12\/logo_header-1.png","contentUrl":"http:\/\/www.participativni-rozpocet.cz\/praha-troja\/wp-content\/uploads\/sites\/56\/2021\/12\/logo_header-1.png","width":374,"height":200,"caption":"Troja sob\u011b"},"image":{"@id":"https:\/\/www.participativni-rozpocet.cz\/praha-troja\/#\/schema\/logo\/image\/"}}]}},"_links":{"self":[{"href":"http:\/\/www.participativni-rozpocet.cz\/praha-troja\/wp-json\/wp\/v2\/pages\/6141","targetHints":{"allow":["GET"]}}],"collection":[{"href":"http:\/\/www.participativni-rozpocet.cz\/praha-troja\/wp-json\/wp\/v2\/pages"}],"about":[{"href":"http:\/\/www.participativni-rozpocet.cz\/praha-troja\/wp-json\/wp\/v2\/types\/page"}],"author":[{"embeddable":true,"href":"http:\/\/www.participativni-rozpocet.cz\/praha-troja\/wp-json\/wp\/v2\/users\/1"}],"replies":[{"embeddable":true,"href":"http:\/\/www.participativni-rozpocet.cz\/praha-troja\/wp-json\/wp\/v2\/comments?post=6141"}],"version-history":[{"count":1,"href":"http:\/\/www.participativni-rozpocet.cz\/praha-troja\/wp-json\/wp\/v2\/pages\/6141\/revisions"}],"predecessor-version":[{"id":6142,"href":"http:\/\/www.participativni-rozpocet.cz\/praha-troja\/wp-json\/wp\/v2\/pages\/6141\/revisions\/6142"}],"wp:attachment":[{"href":"http:\/\/www.participativni-rozpocet.cz\/praha-troja\/wp-json\/wp\/v2\/media?parent=6141"}],"curies":[{"name":"wp","href":"https:\/\/api.w.org\/{rel}","templated":true}]}}